{"id":2666,"date":"2023-10-19T09:00:00","date_gmt":"2023-10-19T07:00:00","guid":{"rendered":"https:\/\/waveday.surf\/home"},"modified":"2023-11-02T14:40:16","modified_gmt":"2023-11-02T13:40:16","slug":"wave-day","status":"publish","type":"page","link":"https:\/\/waveday.surf\/es","title":{"rendered":"Inicio"},"content":{"rendered":"<h2>Wave Day, tu nueva app de surf<\/h2>\n<p>\u00bfEres un amante del surf? \u00bfBuscas la aplicaci\u00f3n definitiva que te permita aprovechar al m\u00e1ximo cada sesi\u00f3n de surf? \u00a1No busques m\u00e1s! Te presentamos Wave Day, la aplicaci\u00f3n de surf dise\u00f1ada por surfistas para surfistas. Con Wave Day, te ofrecemos mucho m\u00e1s que una simple previsi\u00f3n de olas Esta aplicaci\u00f3n es tu compa\u00f1era de surf definitiva, y aqu\u00ed te contamos por qu\u00e9.<\/p>\n<h4 class=\"title label\">Previsi\u00f3n de olas precisa<\/h4>\n<p>Con Wave Day, puedes consultar la previsi\u00f3n de las olas hora a hora. Ya seas un surfista principiante o un experto, siempre sabr\u00e1s qu\u00e9 esperar en el agua. Adem\u00e1s, nuestra aplicaci\u00f3n te proporciona informaci\u00f3n meteorol\u00f3gica detallada, como el clima y el viento, para que tengas una experiencia de surf completa.<\/p>\n<h4 class=\"title label\">Registro de surf personal<\/h4>\n<p>\u00bfQuieres llevar un registro de tus sesiones de surf favoritas? Con Wave Day, puedes hacerlo f\u00e1cilmente. Nuestro Surflog te permite guardar datos detallados de tus sesiones y a\u00f1adir notas personales. Crea un registro totalmente personalizado de tus aventuras en el mar y observa c\u00f3mo progresa tu surf con el tiempo.<\/p>\n<h4 class=\"title label\">Las mejores destinos de surf<\/h4>\n<p>\u00bfSue\u00f1as con surfear en lugares ex\u00f3ticos de todo el mundo? Con Wave Day, puedes agregar tus destinos de surf preferidos a la lista y visualizarlos en un mapa interactivo. Utiliza la integraci\u00f3n de mapas de Apple para llegar a tu destino sin problemas. Adem\u00e1s, puedes marcar tus playas favoritas y filtrarlas seg\u00fan la cercan\u00eda.<\/p>\n<h4 class=\"title label\">Solo fluye con la ola<\/h4>\n<p>Tanto si eres principiante como si eres un surfista experimentado, te sentir\u00e1s c\u00f3modo utilizando Wave Day. Simplemente fluye y desliza la pantalla para ver la previsi\u00f3n de olas para siete d\u00edas, hora a hora, la marea, la variaci\u00f3n del viento y la direcci\u00f3n del oleaje.<\/p>\n<h4 class=\"title label\">Personalizable<\/h4>\n<p>Sabemos que cada surfista es \u00fanico, al igual que sus preferencias de medici\u00f3n. Con Wave Day, puedes elegir entre varias unidades de medici\u00f3n para adaptarte a tus necesidades y a la zona geogr\u00e1fica en la que te encuentres.<\/p>\n<h4 class=\"title label\">Leyenda<\/h4>\n<p>Si eres principiante o tienes alguna duda sobre el significado de los datos que brinda la app, tienes disponible en Ajustes un apartado espec\u00edfico en el que te explicamos qu\u00e9 es cada uno de los datos de la previsi\u00f3n.<\/p>\n<h2 style=\"color: #ffffff; text-align: center;\">Dise\u00f1o moderno e intuitivo<\/h2>\n<p><span style=\"color: #ffffff; letter-spacing: 0px;\">Creemos en la simplicidad Nuestra interfaz est\u00e1 dise\u00f1ada para ser moderna, visual, intuitiva y sencilla. No te abrumaremos con informaci\u00f3n innecesaria; en cambio, te proporcionaremos datos clave de forma clara y concisa. Tanto si eres principiante como si eres un surfista experimentado, te sentir\u00e1s c\u00f3modo utilizando Wave Day.<\/span><\/p>\n<p><a class=\"\" tabindex=\"-1\" title=\"\" href=\"https:\/\/waveday.surf\/es\/contact-us\"><img loading=\"lazy\" decoding=\"async\" class=\"scale-with-grid\" src=\"https:\/\/waveday.surf\/wp-content\/uploads\/2023\/10\/desing-1-1200x642.png\" sizes=\"auto, (max-width:767px) 480px, (max-width:1200px) 100vw, 1200px\" srcset=\"https:\/\/waveday.surf\/wp-content\/uploads\/2023\/10\/desing-1-1200x642.png 1200w, https:\/\/waveday.surf\/wp-content\/uploads\/2023\/10\/desing-1-500x267.png 500w, https:\/\/waveday.surf\/wp-content\/uploads\/2023\/10\/desing-1-300x160.png 300w, https:\/\/waveday.surf\/wp-content\/uploads\/2023\/10\/desing-1-768x411.png 768w, https:\/\/waveday.surf\/wp-content\/uploads\/2023\/10\/desing-1-1536x821.png 1536w, https:\/\/waveday.surf\/wp-content\/uploads\/2023\/10\/desing-1-2048x1095.png 2048w, https:\/\/waveday.surf\/wp-content\/uploads\/2023\/10\/desing-1-140x75.png 140w, https:\/\/waveday.surf\/wp-content\/uploads\/2023\/10\/desing-1-480x257.png 480w\" alt=\"\" width=\"1200\" height=\"642\" \/><\/a><a class=\"link \" tabindex=\"-1\" title=\"\" href=\"https:\/\/waveday.surf\/es\/contact-us\">.path{fill:none;stroke:#333;stroke-miterlimit:10;stroke-width:1.5px;}<\/a><\/p>\n<h2 style=\"color: #2990c0;\">Mejora tu experiencia de surf<\/h2>\n<h6 style=\"color: #808080;\">\u00bfBuscas llevar tu experiencia de surf al siguiente nivel? \u00a0Wave Day ofrece opciones de suscripci\u00f3n anual y mensual.<\/h6>\n<h4 class=\"title\">M\u00e1s d\u00edas de previsi\u00f3n<\/h4>\n<p>Ten acceso a una semana completa de previsi\u00f3n de olas para planificar tus sesiones de surf.<\/p>\n<h4 class=\"title\">30 d\u00edas de Surflog<\/h4>\n<p>Tendr\u00e1s 30 d\u00edas para registrar tus sesiones en el Surflog.<\/p>\n<h4 class=\"title\">Datos ilimitados<\/h4>\n<p>Disfruta de capacidad ilimitada para guardar todas tus sesiones de surf.<\/p>\n<h4 class=\"title\">Sin publicidad<\/h4>\n<p>Lib\u00e9rate de la publicidad y consulta las previsiones o a\u00f1ade tu surflog m\u00e1s r\u00e1pido.<\/p>\n<h2 style=\"color: #ffffff;\">Paea surfistas de todo el mundo<\/h2>\n<p><img loading=\"lazy\" decoding=\"async\" class=\"scale-with-grid\" src=\"https:\/\/waveday.surf\/wp-content\/uploads\/2023\/10\/company5_map.png\" sizes=\"auto, (max-width:767px) 480px, (max-width:780px) 100vw, 780px\" srcset=\"https:\/\/waveday.surf\/wp-content\/uploads\/2023\/10\/company5_map.png 780w, https:\/\/waveday.surf\/wp-content\/uploads\/2023\/10\/company5_map-500x231.png 500w, https:\/\/waveday.surf\/wp-content\/uploads\/2023\/10\/company5_map-300x138.png 300w, https:\/\/waveday.surf\/wp-content\/uploads\/2023\/10\/company5_map-768x354.png 768w, https:\/\/waveday.surf\/wp-content\/uploads\/2023\/10\/company5_map-150x69.png 150w, https:\/\/waveday.surf\/wp-content\/uploads\/2023\/10\/company5_map-480x222.png 480w\" alt=\"\" width=\"780\" height=\"360\" \/><br \/>\n<span class=\"number\" data-to=\"4\" data-duration=\"1500\">4<\/span><\/p>\n<p class=\"title\">Idiomas disponibles: ingl\u00e9s, espa\u00f1ol, portugu\u00e9s y franc\u00e9s. Para que est\u00e9s donde est\u00e9s puedas encontrar las mejores olas.<\/p>\n<p><span class=\"number\" data-to=\"174\" data-duration=\"1500\">174<\/span><\/p>\n<p class=\"title\">Pa\u00edses ya pueden disfrutar del Wave Day y ser parte de la gran comunidad global de surfistas. \u00a1\u00danete tambi\u00e9n a la aventura!<\/p>\n<h2>\u00danete a Wave Day!<\/h2>\n<p>En Wave Day creemos firmemente en el trabajo en equipo. Nuestro objetivo es impulsar a\u00fan m\u00e1s el surf y a todo el sector que ama y vive de este deporte. Por eso hemos creado un plan especial de patrocinio y colaboraci\u00f3n abierto a escuelas de surf, shapers, administraciones o empresas afines que quieran generar sinergias y crecer juntos en todo el mundo. Si est\u00e1s interesado, \u00a1<a href=\"info@waveday.surf\">cont\u00e1ctanos!<\/a><\/p>\n<h3 style=\"text-align: center; color: #ffffff;\">B\u00c1SICO<\/h3>\n<ul>\n<li style=\"list-style-type: none;\">\n<ul>\n<li><span style=\"color: #000000;\"><span style=\"caret-color: #000000; color: #ffffff;\">Nombre y link de marca en el apartado de \u201cMarcas patrocinadoras\u201d.<\/span><\/span><\/li>\n<li><span style=\"color: #ffffff;\">Menci\u00f3n en todas las publicaciones de RRSS de Wave Day.<\/span><\/li>\n<li><span style=\"color: #ffffff;\">C\u00f3digos de descuento en la suscripci\u00f3n anual para tus clientes.<\/span><\/li>\n<\/ul>\n<\/li>\n<\/ul>\n<p>Este plan es compatible con los patrocinios Premium y Plus.<\/p>\n<h3 style=\"text-align: center; color: #ffffff;\">PREMIUM<\/h3>\n<ul>\n<li><span style=\"color: #000000;\"><span style=\"caret-color: #000000; color: #ffffff;\">Logo de tu marca (con enlace) en el banner de patrocinadores ubicado en el apartado de previsi\u00f3n de olas de todas las playas.<\/span><\/span><\/li>\n<li><span style=\"color: #ffffff;\">Menci\u00f3n en todas las publicaciones de RRSS de Wave Day.<\/span><\/li>\n<li><span style=\"color: #ffffff;\">C\u00f3digos de descuento en la suscripci\u00f3n anual para tus clientes.<\/span><\/li>\n<\/ul>\n<h3 style=\"text-align: center; color: #ffffff;\">PLUS<\/h3>\n<ul>\n<li><span style=\"color: #000000;\"><span style=\"caret-color: #000000; color: #ffffff;\">Espacio de patrocinio exclusivo en el apartado de previsi\u00f3n de olas en dos playas de tu elecci\u00f3n (previa disponibilidad).<\/span><\/span><\/li>\n<li><span style=\"color: #ffffff;\">Logo de tu marca (con enlace) en el banner de patrocinadores del apartado de previsi\u00f3n de olas en el resto de las playas.<\/span><\/li>\n<li><span style=\"color: #ffffff;\">C\u00f3digos de descuento en la suscripci\u00f3n anual para tus clientes y m\u00e1s.<\/span><\/li>\n<\/ul>\n<p><img decoding=\"async\" class=\"mfn-parallax\" style=\"opacity: 0;\" src=\"https:\/\/waveday.surf\/wp-content\/uploads\/2023\/10\/home_surfing_slider.jpg#2407\" alt=\"parallax fondo\" \/><\/p>\n<h2 style=\"color: #ffffff;\">\u00a1Descarga ahora Wave Day gratis!<\/h2>\n<h6 style=\"color: #ffffff;\">\u00danete a Wave Day gratis y mejora tu experiencia con nuestras suscripciones. \u00a1Desc\u00e1rgala y comienza tu aventura ahora!<\/h6>\n<p style=\"text-align: center;\"><a class=\"\" tabindex=\"-1\" title=\"\" href=\"https:\/\/apps.apple.com\/app\/wave-day\/id6469349836\"><img loading=\"lazy\" decoding=\"async\" class=\"scale-with-grid\" src=\"https:\/\/waveday.surf\/wp-content\/uploads\/2023\/10\/Available_on_the_App_Store_black-300x89.png\" sizes=\"auto, (max-width:767px) 150px, 150px\" srcset=\"https:\/\/waveday.surf\/wp-content\/uploads\/2023\/10\/Available_on_the_App_Store_black-300x89.png 300w, https:\/\/waveday.surf\/wp-content\/uploads\/2023\/10\/Available_on_the_App_Store_black-500x148.png 500w, https:\/\/waveday.surf\/wp-content\/uploads\/2023\/10\/Available_on_the_App_Store_black-1200x356.png 1200w, https:\/\/waveday.surf\/wp-content\/uploads\/2023\/10\/Available_on_the_App_Store_black-768x228.png 768w, https:\/\/waveday.surf\/wp-content\/uploads\/2023\/10\/Available_on_the_App_Store_black-1536x456.png 1536w, https:\/\/waveday.surf\/wp-content\/uploads\/2023\/10\/Available_on_the_App_Store_black-2048x608.png 2048w, https:\/\/waveday.surf\/wp-content\/uploads\/2023\/10\/Available_on_the_App_Store_black-150x44.png 150w, https:\/\/waveday.surf\/wp-content\/uploads\/2023\/10\/Available_on_the_App_Store_black-480x142.png 480w\" alt=\"\" width=\"150\" height=\"45\" \/><\/a><a class=\"link \" tabindex=\"-1\" title=\"\" href=\"https:\/\/apps.apple.com\/app\/wave-day\/id6469349836\">.path{fill:none;stroke:#333;stroke-miterlimit:10;stroke-width:1.5px;}<\/a><\/p>\n","protected":false},"excerpt":{"rendered":"<p>Wave Day, tu nueva app de surf \u00bfEres un amante del surf? \u00bfBuscas la aplicaci\u00f3n definitiva que te permita aprovechar al m\u00e1ximo cada sesi\u00f3n de surf?<span class=\"excerpt-hellip\"> [\u2026]<\/span><\/p>\n","protected":false},"author":1,"featured_media":2660,"parent":0,"menu_order":0,"comment_status":"open","ping_status":"closed","template":"","meta":{"footnotes":""},"class_list":["post-2666","page","type-page","status-publish","has-post-thumbnail","hentry"],"yoast_head":"<!-- This site is optimized with the Yoast SEO Premium plugin v24.8 (Yoast SEO v27.4) - https:\/\/yoast.com\/product\/yoast-seo-premium-wordpress\/ -->\n<title>Wave Day: App de previsi\u00f3n de olas y Surflog<\/title>\n<meta name=\"description\" content=\"Wave Day es una nueva app de surf de previsi\u00f3n de olas y tener tu propio registro de surf. Disponible en Apple App Store\" \/>\n<meta name=\"robots\" content=\"index, follow, max-snippet:-1, max-image-preview:large, max-video-preview:-1\" \/>\n<link rel=\"canonical\" href=\"https:\/\/waveday.surf\/es\" \/>\n<meta property=\"og:locale\" content=\"es_ES\" \/>\n<meta property=\"og:type\" content=\"article\" \/>\n<meta property=\"og:title\" content=\"Inicio\" \/>\n<meta property=\"og:description\" content=\"Wave Day es una nueva app de surf de previsi\u00f3n de olas y tener tu propio registro de surf. Disponible en Apple App Store\" \/>\n<meta property=\"og:url\" content=\"https:\/\/waveday.surf\/es\" \/>\n<meta property=\"og:site_name\" content=\"Wave Day\" \/>\n<meta property=\"article:publisher\" content=\"https:\/\/www.facebook.com\/profile.php?id=61552590241463\" \/>\n<meta property=\"article:modified_time\" content=\"2023-11-02T13:40:16+00:00\" \/>\n<meta property=\"og:image\" content=\"https:\/\/waveday.surf\/wp-content\/uploads\/2023\/10\/waveday.jpg\" \/>\n\t<meta property=\"og:image:width\" content=\"1200\" \/>\n\t<meta property=\"og:image:height\" content=\"633\" \/>\n\t<meta property=\"og:image:type\" content=\"image\/jpeg\" \/>\n<meta name=\"twitter:card\" content=\"summary_large_image\" \/>\n<meta name=\"twitter:label1\" content=\"Tiempo de lectura\" \/>\n\t<meta name=\"twitter:data1\" content=\"5 minutos\" \/>\n<!-- \/ Yoast SEO Premium plugin. -->","yoast_head_json":{"title":"Wave Day: App de previsi\u00f3n de olas y Surflog","description":"Wave Day es una nueva app de surf de previsi\u00f3n de olas y tener tu propio registro de surf. Disponible en Apple App Store","robots":{"index":"index","follow":"follow","max-snippet":"max-snippet:-1","max-image-preview":"max-image-preview:large","max-video-preview":"max-video-preview:-1"},"canonical":"https:\/\/waveday.surf\/es","og_locale":"es_ES","og_type":"article","og_title":"Inicio","og_description":"Wave Day es una nueva app de surf de previsi\u00f3n de olas y tener tu propio registro de surf. Disponible en Apple App Store","og_url":"https:\/\/waveday.surf\/es","og_site_name":"Wave Day","article_publisher":"https:\/\/www.facebook.com\/profile.php?id=61552590241463","article_modified_time":"2023-11-02T13:40:16+00:00","og_image":[{"width":1200,"height":633,"url":"https:\/\/waveday.surf\/wp-content\/uploads\/2023\/10\/waveday.jpg","type":"image\/jpeg"}],"twitter_card":"summary_large_image","twitter_misc":{"Tiempo de lectura":"5 minutos"},"schema":{"@context":"https:\/\/schema.org","@graph":[{"@type":"WebPage","@id":"https:\/\/waveday.surf\/es","url":"https:\/\/waveday.surf\/es","name":"Wave Day: App de previsi\u00f3n de olas y Surflog","isPartOf":{"@id":"https:\/\/waveday.surf\/es#website"},"primaryImageOfPage":{"@id":"https:\/\/waveday.surf\/es#primaryimage"},"image":{"@id":"https:\/\/waveday.surf\/es#primaryimage"},"thumbnailUrl":"https:\/\/waveday.surf\/wp-content\/uploads\/2023\/10\/waveday.jpg","datePublished":"2023-10-19T07:00:00+00:00","dateModified":"2023-11-02T13:40:16+00:00","description":"Wave Day es una nueva app de surf de previsi\u00f3n de olas y tener tu propio registro de surf. Disponible en Apple App Store","breadcrumb":{"@id":"https:\/\/waveday.surf\/es#breadcrumb"},"inLanguage":"es","potentialAction":[{"@type":"ReadAction","target":["https:\/\/waveday.surf\/es"]}]},{"@type":"ImageObject","inLanguage":"es","@id":"https:\/\/waveday.surf\/es#primaryimage","url":"https:\/\/waveday.surf\/wp-content\/uploads\/2023\/10\/waveday.jpg","contentUrl":"https:\/\/waveday.surf\/wp-content\/uploads\/2023\/10\/waveday.jpg","width":1200,"height":633,"caption":"Wave Day"},{"@type":"BreadcrumbList","@id":"https:\/\/waveday.surf\/es#breadcrumb","itemListElement":[{"@type":"ListItem","position":1,"name":"Home","item":"https:\/\/waveday.surf\/es"},{"@type":"ListItem","position":2,"name":"Inicio"}]},{"@type":"WebSite","@id":"https:\/\/waveday.surf\/es#website","url":"https:\/\/waveday.surf\/es","name":"Wave Day","description":"Surf Forecast and Surf log app","publisher":{"@id":"https:\/\/waveday.surf\/es#organization"},"potentialAction":[{"@type":"SearchAction","target":{"@type":"EntryPoint","urlTemplate":"https:\/\/waveday.surf\/es?s={search_term_string}"},"query-input":{"@type":"PropertyValueSpecification","valueRequired":true,"valueName":"search_term_string"}}],"inLanguage":"es"},{"@type":"Organization","@id":"https:\/\/waveday.surf\/es#organization","name":"Wave Day Surf","alternateName":"Wave Day","url":"https:\/\/waveday.surf\/es","logo":{"@type":"ImageObject","inLanguage":"es","@id":"https:\/\/waveday.surf\/es#\/schema\/logo\/image\/","url":"https:\/\/waveday.surf\/wp-content\/uploads\/2023\/11\/Logo-Wave-Day-696.jpg","contentUrl":"https:\/\/waveday.surf\/wp-content\/uploads\/2023\/11\/Logo-Wave-Day-696.jpg","width":696,"height":696,"caption":"Wave Day Surf"},"image":{"@id":"https:\/\/waveday.surf\/es#\/schema\/logo\/image\/"},"sameAs":["https:\/\/www.facebook.com\/profile.php?id=61552590241463","https:\/\/www.instagram.com\/waveday.surf\/"],"publishingPrinciples":"https:\/\/waveday.surf\/privacy-policy","actionableFeedbackPolicy":"https:\/\/waveday.surf\/privacy-policy","correctionsPolicy":"https:\/\/waveday.surf\/privacy-policy"}]}},"_links":{"self":[{"href":"https:\/\/waveday.surf\/es\/wp-json\/wp\/v2\/pages\/2666","targetHints":{"allow":["GET"]}}],"collection":[{"href":"https:\/\/waveday.surf\/es\/wp-json\/wp\/v2\/pages"}],"about":[{"href":"https:\/\/waveday.surf\/es\/wp-json\/wp\/v2\/types\/page"}],"author":[{"embeddable":true,"href":"https:\/\/waveday.surf\/es\/wp-json\/wp\/v2\/users\/1"}],"replies":[{"embeddable":true,"href":"https:\/\/waveday.surf\/es\/wp-json\/wp\/v2\/comments?post=2666"}],"version-history":[{"count":6,"href":"https:\/\/waveday.surf\/es\/wp-json\/wp\/v2\/pages\/2666\/revisions"}],"predecessor-version":[{"id":2726,"href":"https:\/\/waveday.surf\/es\/wp-json\/wp\/v2\/pages\/2666\/revisions\/2726"}],"wp:featuredmedia":[{"embeddable":true,"href":"https:\/\/waveday.surf\/es\/wp-json\/wp\/v2\/media\/2660"}],"wp:attachment":[{"href":"https:\/\/waveday.surf\/es\/wp-json\/wp\/v2\/media?parent=2666"}],"curies":[{"name":"wp","href":"https:\/\/api.w.org\/{rel}","templated":true}]}}