{"id":2749,"date":"2023-10-26T22:15:37","date_gmt":"2023-10-26T20:15:37","guid":{"rendered":"https:\/\/waveday.surf\/politica-de-privacidad"},"modified":"2023-11-05T18:57:45","modified_gmt":"2023-11-05T17:57:45","slug":"politica-de-privacidad","status":"publish","type":"page","link":"https:\/\/waveday.surf\/es\/politica-de-privacidad","title":{"rendered":"Pol\u00edtica de Privacidad"},"content":{"rendered":"\n<p>En esta Pol\u00edtica de Privacidad encontrar\u00e1 toda la informaci\u00f3n relevante que se aplica al uso que hacemos de los datos personales de nuestros clientes y usuarios.<\/p>\n\n<ol class=\"wp-block-list\">\n<li><strong>\u00bfQUI\u00c9N ES EL RESPONSABLE DEL TRATAMIENTO DE TUS DATOS?<\/strong><\/li>\n<\/ol>\n\n<p>El responsable del tratamiento de tus datos en el sitio waveday.surf<br\/>Direcci\u00f3n postal: Ventorrillo 2 15113 Malpica- A Coru\u00f1a<br\/>Correo electr\u00f3nico: info@waveday.surf<\/p>\n\n<ol class=\"wp-block-list\" start=\"2\">\n<li><strong>\u00bfCON QU\u00c9 FINALIDAD TRATAMOS TUS DATOS PERSONALES?<\/strong><\/li>\n<\/ol>\n\n<p>Dependiendo de los productos, servicios o funcionalidades de las que quieras disfrutar en cada momento, necesitaremos tratar unos datos u otros, que con car\u00e1cter general ser\u00e1n, seg\u00fan el caso, los siguientes:<\/p>\n\n<ul class=\"wp-block-list\">\n<li>sus datos identificativos (por ejemplo, su nombre, apellido y pa\u00eds desde el que interact\u00faa con nosotros, informaci\u00f3n de contacto, etc.);<\/li>\n\n\n\n<li>informaci\u00f3n econ\u00f3mica y transaccional (por ejemplo, su informaci\u00f3n de pago)<\/li>\n\n\n\n<li>datos de conexi\u00f3n, geolocalizaci\u00f3n y navegaci\u00f3n (en caso de que interact\u00faes con nosotros desde tu m\u00f3vil, por ejemplo);<\/li>\n\n\n\n<li>informaci\u00f3n comercial (por ejemplo, si est\u00e1 suscrito a nuestra newsletter).<\/li>\n<\/ul>\n\n<p>Recuerda que, cuando te pidamos que rellenes tus datos personales para darte acceso a alguna funcionalidad o servicio de la aplicaci\u00f3n, marcaremos algunos campos como obligatorios, ya que son datos que necesitamos para poder prestarte el servicio. o darle acceso a la funcionalidad en cuesti\u00f3n. Por favor, ten en cuenta que si decides no facilitarnos estos datos, es posible que no puedas completar tu registro como usuario o que no puedas disfrutar de estos servicios o funcionalidades.<\/p>\n\n<p>Dependiendo de c\u00f3mo interact\u00faes con nuestra Plataforma, procesaremos tus datos personales para las siguientes finalidades:<\/p>\n\n<ul class=\"wp-block-list\">\n<li>para gestionar tu registro como usuario o cliente: En el caso de que decidas registrarte como usuario, necesitamos tratar tus datos para identificarte como usuario del mismo y darte acceso a sus diferentes funcionalidades, productos y servicios. que est\u00e1n disponibles para usted como usuario registrado. Puede cancelar su cuenta de usuario registrada poni\u00e9ndose en contacto con nosotros.<\/li>\n\n\n\n<li>para responder a solicitudes o solicitudes: S\u00f3lo procesamos los datos personales que sean estrictamente necesarios para gestionar o resolver su solicitud o petici\u00f3n.<\/li>\n\n\n\n<li>con fines de marketing: en la medida en que se suscriba a nuestro Newsletter, procesaremos sus datos personales para gestionar su suscripci\u00f3n, incluido el env\u00edo de informaci\u00f3n personalizada sobre nuestros productos o servicios a trav\u00e9s de diversos medios (como el correo electr\u00f3nico). Asimismo, podremos enviarte esta informaci\u00f3n a trav\u00e9s de notificaciones push en el caso de que las tengas activadas en tu dispositivo m\u00f3vil. Recuerda que puedes darte de baja de la Newsletter en cualquier momento y sin coste alguno a trav\u00e9s del apartado &#8216;Newsletter&#8217; de la Plataforma, as\u00ed como a trav\u00e9s de las instrucciones que te proporcionamos en cada comunicaci\u00f3n. Si no desea recibir notificaciones autom\u00e1ticas, puede desactivar esta opci\u00f3n en su dispositivo m\u00f3vil.<\/li>\n\n\n\n<li>An\u00e1lisis de usabilidad y calidad para mejorar nuestros servicios: Si accedes a nuestra aplicaci\u00f3n, te informamos que trataremos tus datos de navegaci\u00f3n con fines anal\u00edticos y estad\u00edsticos, es decir, para comprender la forma en la que los usuarios interact\u00faan con nuestra Plataforma. y as\u00ed poder introducir mejoras en el mismo.<\/li>\n<\/ul>\n\n<ol class=\"wp-block-list\" start=\"3\">\n<li><strong>\u00bfCU\u00c1L ES LA LEGITIMACI\u00d3N PARA EL TRATAMIENTO DE TUS DATOS?<\/strong><\/li>\n<\/ol>\n\n<p>La base jur\u00eddica que nos permite tratar tus datos personales tambi\u00e9n depende de la finalidad para la que los tratamos.<\/p>\n\n<ul class=\"wp-block-list\">\n<li>Gestionar tu registro como usuario: El tratamiento de tus datos es necesario para la ejecuci\u00f3n de los t\u00e9rminos que regulan el uso de la Plataforma. Es decir, para que puedas registrarte como usuario necesitamos tratar tus datos personales, ya que de lo contrario no podr\u00edamos gestionar tu registro. En el caso de que optes por acceder o iniciar sesi\u00f3n a trav\u00e9s de una red social, la raz\u00f3n por la que estamos legitimados para tratar tus datos es el consentimiento que prestas en el momento de autorizar la transferencia de tus datos desde la red social.<\/li>\n\n\n\n<li>Atenci\u00f3n y apoyo: Consideramos que tenemos un inter\u00e9s leg\u00edtimo en atender las solicitudes o consultas que usted plantee a trav\u00e9s de los distintos medios de contacto existentes. Entendemos que el tratamiento de estos datos tambi\u00e9n resulta beneficioso para usted en la medida en que nos permite poder atenderle adecuadamente y resolver las consultas planteadas. Cuando su consulta est\u00e9 relacionada con el ejercicio de los derechos sobre los que le informamos a continuaci\u00f3n, o con reclamaciones relacionadas con nuestros productos o servicios, lo que nos legitima para tratar sus datos es el cumplimiento de obligaciones legales por nuestra parte.<\/li>\n\n\n\n<li>Marketing: La base leg\u00edtima para el tratamiento de tus datos con fines de marketing es el consentimiento que nos prestas, por ejemplo cuando aceptas recibir informaci\u00f3n personalizada a trav\u00e9s de diversos medios, cuando autorizas el env\u00edo de notificaciones push en tu dispositivo m\u00f3vil, o cuando aceptas las bases legales para participar en una acci\u00f3n promocional o publicar sus fotograf\u00edas en la Plataforma o en nuestros canales de redes sociales. Para mostrarte informaci\u00f3n personalizada, consideramos que tenemos un inter\u00e9s leg\u00edtimo en elaborar perfiles con la informaci\u00f3n que tenemos sobre ti (como la navegaci\u00f3n que realizas, preferencias o historial de compras) y los datos personales que nos has proporcionado como el rango de edad. o idioma, ya que entendemos que el tratamiento de estos datos tambi\u00e9n es beneficioso para ti porque te permite mejorar tu experiencia como usuario y acceder a la informaci\u00f3n seg\u00fan tus preferencias.<\/li>\n\n\n\n<li>An\u00e1lisis de usabilidad y calidad: Consideramos que tenemos un inter\u00e9s leg\u00edtimo en analizar la usabilidad de la aplicaci\u00f3n y el grado de satisfacci\u00f3n del usuario, ya que entendemos que el tratamiento de estos datos tambi\u00e9n es beneficioso para usted porque la finalidad es mejorar al usuario. experiencia. y ofrecer un servicio de mayor calidad.<\/li>\n<\/ul>\n\n<ol class=\"wp-block-list\" start=\"4\">\n<li><strong>\u00bfDURANTE CU\u00c1NTO TIEMPO CONSERVAREMOS TUS DATOS?<\/strong><\/li>\n<\/ol>\n\n<p>Trataremos tus datos mientras mantengas la condici\u00f3n de usuario registrado (es decir, hasta que decidas darte de baja). Asimismo, trataremos tus datos durante el tiempo que sea necesario para atender tu petici\u00f3n o petici\u00f3n y hasta que te des de baja o canceles tu suscripci\u00f3n a la newsletter. Independientemente de que tratemos tus datos durante el tiempo estrictamente necesario para cumplir con la finalidad correspondiente, posteriormente los mantendremos debidamente almacenados y protegidos durante el tiempo en el que puedan derivarse responsabilidades derivadas del tratamiento, cumpliendo en cada momento la normativa vigente. Una vez prescritas las posibles acciones en cada caso, procederemos a la supresi\u00f3n de los datos personales.<\/p>\n\n<ol class=\"wp-block-list\" start=\"5\">\n<li><strong>\u00bfCOMPARTIMOS TUS DATOS CON TERCEROS?<\/strong><\/li>\n<\/ol>\n\n<p>Los datos personales no se ceder\u00e1n a terceros excepto cuando exista obligaci\u00f3n legal.<\/p>\n\n<ol class=\"wp-block-list\" start=\"6\">\n<li><strong>\u00bfCU\u00c1LES SON TUS DERECHOS CUANDO NOS FACILITAS TUS DATOS?<\/strong><\/li>\n<\/ol>\n\n<p>Nos comprometemos a respetar la confidencialidad de sus datos personales y a garantizar el ejercicio de sus derechos. Podr\u00e1s ejercitarlos sin coste alguno escribiendo un correo electr\u00f3nico a nuestra direcci\u00f3n info@waveday.surf, simplemente indicando el motivo de tu solicitud y el derecho que deseas ejercitar. En el caso de que consideremos necesario para poder identificarle, podremos solicitarle copia de un documento que acredite su identidad.<\/p>\n\n<p>En particular, independientemente de la finalidad o base jur\u00eddica para la que tratemos tus datos, tienes derecho a:<\/p>\n\n<ul class=\"wp-block-list\">\n<li>solicitarnos acceso a los datos que tenemos sobre usted. Te recordamos que si eres usuario registrado de la Plataforma, tambi\u00e9n puedes consultar esta informaci\u00f3n en el apartado correspondiente a tus datos personales.<\/li>\n\n\n\n<li>solicitarnos que rectifiquemos los datos de los que ya disponemos. Recuerda que si eres un usuario registrado de la Plataforma tambi\u00e9n puedes acceder al apartado correspondiente a tus datos personales en tu cuenta para modificar o actualizar tus datos personales. En cualquier caso, tenga en cuenta que, al facilitarnos activamente sus datos personales por cualquier medio, garantiza que los mismos son verdaderos y exactos y se compromete a notificarnos cualquier cambio o modificaci\u00f3n de los mismos. Cualquier p\u00e9rdida o da\u00f1o causado a la Plataforma o al responsable de la Plataforma o a cualquier tercero por la comunicaci\u00f3n de informaci\u00f3n err\u00f3nea, inexacta o incompleta en los formularios de registro, ser\u00e1 responsabilidad exclusiva del usuario. Por favor recuerda que como norma general s\u00f3lo debes facilitarnos tus propios datos personales, no los de terceros, salvo lo permitido en esta Pol\u00edtica de Privacidad.<\/li>\n\n\n\n<li>solicitarnos que eliminemos sus datos en la medida en que ya no sean necesarios para el prop\u00f3sito para el cual necesitamos procesarlos como le hemos informado anteriormente, o que ya no tengamos la legitimaci\u00f3n para hacerlo.<\/li>\n\n\n\n<li>solicitarnos que limitemos el tratamiento de sus datos, lo que significa que en determinados casos podr\u00e1 solicitarnos que suspendamos temporalmente el tratamiento de los datos o que los conservemos m\u00e1s all\u00e1 del tiempo necesario cuando pueda necesitarlos.<\/li>\n<\/ul>\n\n<p>Si nos has proporcionado tu consentimiento para el tratamiento de tus datos para cualquier finalidad, tambi\u00e9n tienes derecho a retirarlo en cualquier momento. Algunas de las formas en las que puedes retirar tu consentimiento se explican en el apartado 2 en el que te explicamos con qu\u00e9 finalidades tratamos tus datos.<\/p>\n\n<p>Cuando nuestra legitimaci\u00f3n para el tratamiento de tus datos sea tu consentimiento o la ejecuci\u00f3n del contrato, tal y como se explica en el apartado 3, tambi\u00e9n tendr\u00e1s derecho a solicitar la portabilidad de tus datos personales. Esto significa que tendr\u00e1 derecho a recibir los datos personales que nos haya proporcionado en un formato estructurado, de uso com\u00fan y legible por m\u00e1quina, para poder transmitirlos a otra entidad directamente, siempre que sea t\u00e9cnicamente posible.<\/p>\n\n<p>Por otro lado, cuando el tratamiento de tus datos est\u00e9 basado en nuestro inter\u00e9s leg\u00edtimo, tambi\u00e9n tendr\u00e1s derecho a oponerte al tratamiento de tus datos.<\/p>\n\n<p>Finalmente, le informamos de su derecho a presentar una reclamaci\u00f3n ante la autoridad de control en materia de protecci\u00f3n de datos correspondiente, en particular, ante la Agencia Espa\u00f1ola de Protecci\u00f3n de Datos.<\/p>\n\n<ol class=\"wp-block-list\" start=\"7\">\n<li><strong>CAMBIOS EN LA POL\u00cdTICA DE PRIVACIDAD<\/strong><\/li>\n<\/ol>\n\n<p>Podremos modificar la informaci\u00f3n contenida en esta Pol\u00edtica de Privacidad cuando lo consideremos oportuno. En caso de que lo hagamos, te lo comunicaremos de diferentes formas a trav\u00e9s de la Plataforma (por ejemplo, a trav\u00e9s de un banner, un pop-up o una notificaci\u00f3n push), o incluso te lo comunicaremos a tu direcci\u00f3n de correo electr\u00f3nico cuando se produzca el cambio de La pregunta es significativa para tu privacidad, por lo que podr\u00e1s revisar los cambios, valorarlos y, en su caso, oponerte o darte de baja de cualquier servicio o funcionalidad. En cualquier caso, te sugerimos que revises esta Pol\u00edtica de Privacidad peri\u00f3dicamente por si hay cambios menores o introducimos alguna mejora interactiva, aprovechando que siempre la encontrar\u00e1s como un punto de informaci\u00f3n permanente en la aplicaci\u00f3n.<\/p>\n\n<p><strong>POL\u00cdTICA DE SUSCRIPCI\u00d3N<\/strong><\/p>\n\n<p>Luego de suscribirte con el plan seleccionado, comenzar\u00e1 el per\u00edodo de prueba gratuita de 3 d\u00edas. El pago de la suscripci\u00f3n se cargar\u00e1 a la cuenta de iTunes al final del per\u00edodo de prueba gratuito y se renovar\u00e1 autom\u00e1ticamente a menos que se cancele 24 horas antes del final del per\u00edodo actual. Se cobrar\u00e1 a la cuenta de iTunes la renovaci\u00f3n dentro de las 24 horas anteriores al final del per\u00edodo actual y se identificar\u00e1 el costo de la renovaci\u00f3n. El usuario puede administrar las suscripciones y la renovaci\u00f3n autom\u00e1tica se puede desactivar yendo a la Configuraci\u00f3n de la cuenta del usuario despu\u00e9s de la compra.<\/p>\n\n<p>Para obtener m\u00e1s informaci\u00f3n sobre los T\u00e9rminos de uso (EULA) y el acuerdo de solicitud de pago puede hacer clic en el siguiente enlace: <a href=\"https:\/\/www.apple.com\/legal\/internet-services\/itunes\/dev\/stdeula\/\">Acuerdo de solicitud de pago<\/a><\/p>\n","protected":false},"excerpt":{"rendered":"<p>En esta Pol\u00edtica de Privacidad encontrar\u00e1 toda la informaci\u00f3n relevante que se aplica al uso que hacemos de los datos personales de nuestros clientes y usuarios.<span class=\"excerpt-hellip\"> [\u2026]<\/span><\/p>\n","protected":false},"author":1,"featured_media":0,"parent":0,"menu_order":0,"comment_status":"closed","ping_status":"closed","template":"","meta":{"footnotes":""},"class_list":["post-2749","page","type-page","status-publish","hentry"],"yoast_head":"<!-- This site is optimized with the Yoast SEO Premium plugin v24.8 (Yoast SEO v27.4) - https:\/\/yoast.com\/product\/yoast-seo-premium-wordpress\/ -->\n<title>Pol\u00edtica de Privacidad - Wave Day<\/title>\n<meta name=\"robots\" content=\"index, follow, max-snippet:-1, max-image-preview:large, max-video-preview:-1\" \/>\n<link rel=\"canonical\" href=\"https:\/\/waveday.surf\/es\/politica-de-privacidad\" \/>\n<meta property=\"og:locale\" content=\"es_ES\" \/>\n<meta property=\"og:type\" content=\"article\" \/>\n<meta property=\"og:title\" content=\"Pol\u00edtica de Privacidad\" \/>\n<meta property=\"og:description\" content=\"En esta Pol\u00edtica de Privacidad encontrar\u00e1 toda la informaci\u00f3n relevante que se aplica al uso que hacemos de los datos personales de nuestros clientes y usuarios. [\u2026]\" \/>\n<meta property=\"og:url\" content=\"https:\/\/waveday.surf\/es\/politica-de-privacidad\" \/>\n<meta property=\"og:site_name\" content=\"Wave Day\" \/>\n<meta property=\"article:publisher\" content=\"https:\/\/www.facebook.com\/profile.php?id=61552590241463\" \/>\n<meta property=\"article:modified_time\" content=\"2023-11-05T17:57:45+00:00\" \/>\n<meta name=\"twitter:card\" content=\"summary_large_image\" \/>\n<meta name=\"twitter:label1\" content=\"Tiempo de lectura\" \/>\n\t<meta name=\"twitter:data1\" content=\"10 minutos\" \/>\n<!-- \/ Yoast SEO Premium plugin. -->","yoast_head_json":{"title":"Pol\u00edtica de Privacidad - Wave Day","robots":{"index":"index","follow":"follow","max-snippet":"max-snippet:-1","max-image-preview":"max-image-preview:large","max-video-preview":"max-video-preview:-1"},"canonical":"https:\/\/waveday.surf\/es\/politica-de-privacidad","og_locale":"es_ES","og_type":"article","og_title":"Pol\u00edtica de Privacidad","og_description":"En esta Pol\u00edtica de Privacidad encontrar\u00e1 toda la informaci\u00f3n relevante que se aplica al uso que hacemos de los datos personales de nuestros clientes y usuarios. [\u2026]","og_url":"https:\/\/waveday.surf\/es\/politica-de-privacidad","og_site_name":"Wave Day","article_publisher":"https:\/\/www.facebook.com\/profile.php?id=61552590241463","article_modified_time":"2023-11-05T17:57:45+00:00","twitter_card":"summary_large_image","twitter_misc":{"Tiempo de lectura":"10 minutos"},"schema":{"@context":"https:\/\/schema.org","@graph":[{"@type":"WebPage","@id":"https:\/\/waveday.surf\/es\/politica-de-privacidad","url":"https:\/\/waveday.surf\/es\/politica-de-privacidad","name":"Pol\u00edtica de Privacidad - Wave Day","isPartOf":{"@id":"https:\/\/waveday.surf\/es#website"},"datePublished":"2023-10-26T20:15:37+00:00","dateModified":"2023-11-05T17:57:45+00:00","breadcrumb":{"@id":"https:\/\/waveday.surf\/es\/politica-de-privacidad#breadcrumb"},"inLanguage":"es","potentialAction":[{"@type":"ReadAction","target":["https:\/\/waveday.surf\/es\/politica-de-privacidad"]}]},{"@type":"BreadcrumbList","@id":"https:\/\/waveday.surf\/es\/politica-de-privacidad#breadcrumb","itemListElement":[{"@type":"ListItem","position":1,"name":"Home","item":"https:\/\/waveday.surf\/es"},{"@type":"ListItem","position":2,"name":"Pol\u00edtica de Privacidad"}]},{"@type":"WebSite","@id":"https:\/\/waveday.surf\/es#website","url":"https:\/\/waveday.surf\/es","name":"Wave Day","description":"Surf Forecast and Surf log app","publisher":{"@id":"https:\/\/waveday.surf\/es#organization"},"potentialAction":[{"@type":"SearchAction","target":{"@type":"EntryPoint","urlTemplate":"https:\/\/waveday.surf\/es?s={search_term_string}"},"query-input":{"@type":"PropertyValueSpecification","valueRequired":true,"valueName":"search_term_string"}}],"inLanguage":"es"},{"@type":"Organization","@id":"https:\/\/waveday.surf\/es#organization","name":"Wave Day Surf","alternateName":"Wave Day","url":"https:\/\/waveday.surf\/es","logo":{"@type":"ImageObject","inLanguage":"es","@id":"https:\/\/waveday.surf\/es#\/schema\/logo\/image\/","url":"https:\/\/waveday.surf\/wp-content\/uploads\/2023\/11\/Logo-Wave-Day-696.jpg","contentUrl":"https:\/\/waveday.surf\/wp-content\/uploads\/2023\/11\/Logo-Wave-Day-696.jpg","width":696,"height":696,"caption":"Wave Day Surf"},"image":{"@id":"https:\/\/waveday.surf\/es#\/schema\/logo\/image\/"},"sameAs":["https:\/\/www.facebook.com\/profile.php?id=61552590241463","https:\/\/www.instagram.com\/waveday.surf\/"],"publishingPrinciples":"https:\/\/waveday.surf\/privacy-policy","actionableFeedbackPolicy":"https:\/\/waveday.surf\/privacy-policy","correctionsPolicy":"https:\/\/waveday.surf\/privacy-policy"}]}},"_links":{"self":[{"href":"https:\/\/waveday.surf\/es\/wp-json\/wp\/v2\/pages\/2749","targetHints":{"allow":["GET"]}}],"collection":[{"href":"https:\/\/waveday.surf\/es\/wp-json\/wp\/v2\/pages"}],"about":[{"href":"https:\/\/waveday.surf\/es\/wp-json\/wp\/v2\/types\/page"}],"author":[{"embeddable":true,"href":"https:\/\/waveday.surf\/es\/wp-json\/wp\/v2\/users\/1"}],"replies":[{"embeddable":true,"href":"https:\/\/waveday.surf\/es\/wp-json\/wp\/v2\/comments?post=2749"}],"version-history":[{"count":6,"href":"https:\/\/waveday.surf\/es\/wp-json\/wp\/v2\/pages\/2749\/revisions"}],"predecessor-version":[{"id":2761,"href":"https:\/\/waveday.surf\/es\/wp-json\/wp\/v2\/pages\/2749\/revisions\/2761"}],"wp:attachment":[{"href":"https:\/\/waveday.surf\/es\/wp-json\/wp\/v2\/media?parent=2749"}],"curies":[{"name":"wp","href":"https:\/\/api.w.org\/{rel}","templated":true}]}}