{"id":2694,"date":"2023-10-19T09:00:00","date_gmt":"2023-10-19T07:00:00","guid":{"rendered":"https:\/\/waveday.surf\/home"},"modified":"2023-11-02T14:40:47","modified_gmt":"2023-11-02T13:40:47","slug":"wave-day","status":"publish","type":"page","link":"https:\/\/waveday.surf\/fr","title":{"rendered":"Accueil"},"content":{"rendered":"<h2>Wave Day, votre nouvelle application de surf<\/h2>\n<p>\u00cates-vous un passionn\u00e9 de surf? \u00cates-vous \u00e0 la recherche de l\u2019application ultime qui vous permet de profiter au maximum de chaque session de surf ? Cherchez pas plus loin! Pr\u00e9sentation de Wave Day, l&rsquo;application de surf con\u00e7ue par des surfeurs pour les surfeurs. Avec Wave Day, nous vous proposons bien plus qu&rsquo;une simple pr\u00e9vision de surf. Cette application est votre compagnon de surf ultime, et voici pourquoi.<\/p>\n<h4 class=\"title label\">Pr\u00e9visions de surf pr\u00e9cises<\/h4>\n<p>Avec Wave Day, vous pouvez consulter les pr\u00e9visions de surf heure par heure. Que vous soyez surfeur d\u00e9butant ou expert, vous saurez toujours \u00e0 quoi vous attendre dans l&rsquo;eau. De plus, notre application fournit des informations m\u00e9t\u00e9orologiques d\u00e9taill\u00e9es, telles que le climat et le vent, pour une exp\u00e9rience de surf compl\u00e8te.<\/p>\n<h4 class=\"title label\">Journal de surf personnel<\/h4>\n<p>Vous voulez garder une trace de vos sessions de surf pr\u00e9f\u00e9r\u00e9es ? Avec Wave Day, vous pouvez le faire facilement. Notre Surflog vous permet de sauvegarder les donn\u00e9es d\u00e9taill\u00e9es de vos sessions de surf et d&rsquo;ajouter des notes personnelles. Cr\u00e9ez un enregistrement enti\u00e8rement personnalis\u00e9 de vos aventures en mer et voyez comment votre navigation progresse au fil du temps.<\/p>\n<h4 class=\"title label\">Les meilleurs spots de surf<\/h4>\n<p>Vous r\u00eavez de surfer dans des endroits exotiques \u00e0 travers le monde ? Avec Wave Day, vous pouvez ajouter vos spots favoris \u00e0 la liste et les visualiser sur une carte interactive. Utilisez l&rsquo;int\u00e9gration Apple Maps pour arriver \u00e0 votre destination sans tracas. De plus, vous pouvez marquer vos plages pr\u00e9f\u00e9r\u00e9es et les filtrer par proximit\u00e9.<\/p>\n<h4 class=\"title label\">Suis simplement la vague<\/h4>\n<p>Que vous soyez d\u00e9butant ou surfeur exp\u00e9riment\u00e9, vous vous sentirez \u00e0 l&rsquo;aise avec Wave Day. Il suffit de parcourir et de faire glisser l&rsquo;\u00e9cran pour voir les pr\u00e9visions de surf sur sept jours, heure par heure, la mar\u00e9e, la variation du vent et la direction de la houle.<\/p>\n<h4 class=\"title label\">Personnalisable<\/h4>\n<p>Nous savons que chaque surfeur est unique, tout comme ses pr\u00e9f\u00e9rences en mati\u00e8re de mesures. Avec Wave Day, vous pouvez choisir parmi diff\u00e9rentes unit\u00e9s de mesure en fonction de vos besoins et de la zone g\u00e9ographique dans laquelle vous vous trouvez.<\/p>\n<h4 class=\"title label\">L\u00e9gende<\/h4>\n<p>Si vous \u00eates un surfeur d\u00e9butant ou si vous avez des questions sur la signification des donn\u00e9es fournies par l&rsquo;application, vous disposez d&rsquo;une section sp\u00e9cifique disponible dans R\u00e9glages dans laquelle nous expliquons ce qu&rsquo;est chacune des donn\u00e9es de pr\u00e9vision.<\/p>\n<h2 style=\"color: #ffffff; text-align: center;\">Design moderne et intuitif<\/h2>\n<p><span style=\"color: #ffffff; letter-spacing: 0px;\">Nous croyons en la simplicit\u00e9. Notre interface est con\u00e7ue pour \u00eatre moderne, visuelle, intuitive et simple. Nous ne vous submergerons pas d\u2019informations inutiles ; au lieu de cela, nous vous fournirons des donn\u00e9es cl\u00e9s de mani\u00e8re claire et concise. Que vous soyez d\u00e9butant ou surfeur exp\u00e9riment\u00e9, vous vous sentirez \u00e0 l&rsquo;aise avec Wave Day.<\/span><\/p>\n<p><a class=\"\" tabindex=\"-1\" title=\"\" href=\"https:\/\/waveday.surf\/fr\/contact-us\"><img loading=\"lazy\" decoding=\"async\" class=\"scale-with-grid\" src=\"https:\/\/waveday.surf\/wp-content\/uploads\/2023\/10\/desing-1-1200x642.png\" sizes=\"auto, (max-width:767px) 480px, (max-width:1200px) 100vw, 1200px\" srcset=\"https:\/\/waveday.surf\/wp-content\/uploads\/2023\/10\/desing-1-1200x642.png 1200w, https:\/\/waveday.surf\/wp-content\/uploads\/2023\/10\/desing-1-500x267.png 500w, https:\/\/waveday.surf\/wp-content\/uploads\/2023\/10\/desing-1-300x160.png 300w, https:\/\/waveday.surf\/wp-content\/uploads\/2023\/10\/desing-1-768x411.png 768w, https:\/\/waveday.surf\/wp-content\/uploads\/2023\/10\/desing-1-1536x821.png 1536w, https:\/\/waveday.surf\/wp-content\/uploads\/2023\/10\/desing-1-2048x1095.png 2048w, https:\/\/waveday.surf\/wp-content\/uploads\/2023\/10\/desing-1-140x75.png 140w, https:\/\/waveday.surf\/wp-content\/uploads\/2023\/10\/desing-1-480x257.png 480w\" alt=\"\" width=\"1200\" height=\"642\" \/><\/a><a class=\"link \" tabindex=\"-1\" title=\"\" href=\"https:\/\/waveday.surf\/fr\/contact-us\">.path{fill:none;stroke:#333;stroke-miterlimit:10;stroke-width:1.5px;}<\/a><\/p>\n<h2 style=\"color: #2990c0;\">Am\u00e9liorez votre exp\u00e9rience de surf<\/h2>\n<h6 style=\"color: #808080;\">Vous cherchez \u00e0 faire passer votre exp\u00e9rience de surf au niveau sup\u00e9rieur ? Wave Day propose des options d&rsquo;abonnement annuel et mensuel.<\/h6>\n<h4 class=\"title\">Plus de jours de pr\u00e9visions<\/h4>\n<p>Acc\u00e9dez \u00e0 une semaine compl\u00e8te de pr\u00e9visions de vagues pour planifier vos sessions de surf.<\/p>\n<h4 class=\"title\">30 jours de Surflog<\/h4>\n<p>Vous aurez 30 jours pour enregistrer vos sessions dans Surflog.<\/p>\n<h4 class=\"title\">Donn\u00e9es illimit\u00e9es<\/h4>\n<p>Enjoy unlimited capacity to save all the surf sessions you want.<\/p>\n<h4 class=\"title\">Pas de publicit\u00e9<\/h4>\n<p>D\u00e9barrassez-vous de la publicit\u00e9 et v\u00e9rifiez les pr\u00e9visions ou ajoutez votre blog de surf plus rapidement.<\/p>\n<h2 style=\"color: #ffffff;\">Pour les surfeurs du monde entier<\/h2>\n<p><img loading=\"lazy\" decoding=\"async\" class=\"scale-with-grid\" src=\"https:\/\/waveday.surf\/wp-content\/uploads\/2023\/10\/company5_map.png\" sizes=\"auto, (max-width:767px) 480px, (max-width:780px) 100vw, 780px\" srcset=\"https:\/\/waveday.surf\/wp-content\/uploads\/2023\/10\/company5_map.png 780w, https:\/\/waveday.surf\/wp-content\/uploads\/2023\/10\/company5_map-500x231.png 500w, https:\/\/waveday.surf\/wp-content\/uploads\/2023\/10\/company5_map-300x138.png 300w, https:\/\/waveday.surf\/wp-content\/uploads\/2023\/10\/company5_map-768x354.png 768w, https:\/\/waveday.surf\/wp-content\/uploads\/2023\/10\/company5_map-150x69.png 150w, https:\/\/waveday.surf\/wp-content\/uploads\/2023\/10\/company5_map-480x222.png 480w\" alt=\"\" width=\"780\" height=\"360\" \/><br \/>\n<span class=\"number\" data-to=\"4\" data-duration=\"1500\">4<\/span><\/p>\n<p class=\"title\">Langues disponibles : anglais, espagnol, portugais et fran\u00e7ais. Pour que o\u00f9 que vous soyez, vous puissiez trouver les meilleures vagues.<\/p>\n<p><span class=\"number\" data-to=\"174\" data-duration=\"1500\">174<\/span><\/p>\n<p class=\"title\">Pays peuvent d\u00e9sormais profiter du Wave Day et faire partie de la grande communaut\u00e9 mondiale des surfeurs. Rejoignez l&rsquo;aventure vous aussi !<\/p>\n<h2>Rejoignez Wave Day !<\/h2>\n<p>Chez Wave Day, nous croyons fermement au travail d\u2019\u00e9quipe. Notre objectif est de promouvoir davantage le surf et tout le secteur qui aime et vit de ce sport. C&rsquo;est pourquoi nous avons cr\u00e9\u00e9 un plan sp\u00e9cial de parrainage et de collaboration ouvert aux \u00e9coles de surf, shapers, administrations ou entreprises li\u00e9es qui souhaitent g\u00e9n\u00e9rer des synergies et grandir ensemble dans le monde entier. Si vous \u00eates int\u00e9ress\u00e9s, <a href=\"info@waveday.surf\">contactez-nous!<\/a><\/p>\n<h3 style=\"text-align: center; color: #ffffff;\">BASIQUE<\/h3>\n<ul>\n<li style=\"list-style-type: none;\">\n<ul>\n<li><span style=\"color: #000000;\"><span style=\"caret-color: #000000; color: #ffffff;\">Nom de la marque et lien dans la rubrique \u00ab Marques sponsoris\u00e9es \u00bb.<\/span><\/span><\/li>\n<li><span style=\"color: #ffffff;\">Mention dans toutes les publications sur les r\u00e9seaux sociaux du Wave Day.<\/span><\/li>\n<li><span style=\"color: #ffffff;\">Codes de r\u00e9duction sur l&rsquo;abonnement annuel pour vos clients.<\/span><\/li>\n<\/ul>\n<\/li>\n<\/ul>\n<p>Ce forfait est compatible avec les parrainages Premium et Plus.<\/p>\n<h3 style=\"text-align: center; color: #ffffff;\">PRIME<\/h3>\n<ul>\n<li><span style=\"color: #000000;\"><span style=\"caret-color: #000000; color: #ffffff;\">Logo de votre marque (avec lien) sur la banni\u00e8re sponsor situ\u00e9e dans la section pr\u00e9visions surf de toutes les plages.<\/span><\/span><\/li>\n<li><span style=\"color: #ffffff;\">Mention dans toutes les publications sur les r\u00e9seaux sociaux du Wave Day.<\/span><\/li>\n<li><span style=\"color: #ffffff;\">Codes de r\u00e9duction sur l&rsquo;abonnement annuel pour vos clients.<\/span><\/li>\n<\/ul>\n<h3 style=\"text-align: center; color: #ffffff;\">PLUS<\/h3>\n<ul>\n<li><span style=\"color: #000000;\"><span style=\"caret-color: #000000; color: #ffffff;\">Espace de parrainage exclusif dans la rubrique pr\u00e9visions de surf sur deux plages de votre choix (sous r\u00e9serve de disponibilit\u00e9).<\/span><\/span><\/li>\n<li><span style=\"color: #ffffff;\">Logo de votre marque (avec lien) sur la banni\u00e8re des sponsors de la rubrique pr\u00e9visions surf sur le reste des plages.<\/span><\/li>\n<li><span style=\"color: #ffffff;\">Codes de r\u00e9duction sur l&rsquo;abonnement annuel pour vos clients et plus encore.<\/span><\/li>\n<\/ul>\n<p><img decoding=\"async\" class=\"mfn-parallax\" style=\"opacity: 0;\" src=\"https:\/\/waveday.surf\/wp-content\/uploads\/2023\/10\/home_surfing_slider.jpg#2407\" alt=\"parallax background\" \/><\/p>\n<h2 style=\"color: #ffffff;\">T\u00e9l\u00e9chargez maintenant Wave Day gratuitement !<\/h2>\n<h6 style=\"color: #ffffff;\">Rejoignez Wave Day gratuitement et am\u00e9liorez votre exp\u00e9rience gr\u00e2ce \u00e0 nos abonnements. T\u00e9l\u00e9chargez-le et commencez votre aventure maintenant !<\/h6>\n<p style=\"text-align: center;\"><a class=\"\" tabindex=\"-1\" title=\"\" href=\"https:\/\/apps.apple.com\/app\/wave-day\/id6469349836\"><img loading=\"lazy\" decoding=\"async\" class=\"scale-with-grid\" src=\"https:\/\/waveday.surf\/wp-content\/uploads\/2023\/10\/Available_on_the_App_Store_black-300x89.png\" sizes=\"auto, (max-width:767px) 150px, 150px\" srcset=\"https:\/\/waveday.surf\/wp-content\/uploads\/2023\/10\/Available_on_the_App_Store_black-300x89.png 300w, https:\/\/waveday.surf\/wp-content\/uploads\/2023\/10\/Available_on_the_App_Store_black-500x148.png 500w, https:\/\/waveday.surf\/wp-content\/uploads\/2023\/10\/Available_on_the_App_Store_black-1200x356.png 1200w, https:\/\/waveday.surf\/wp-content\/uploads\/2023\/10\/Available_on_the_App_Store_black-768x228.png 768w, https:\/\/waveday.surf\/wp-content\/uploads\/2023\/10\/Available_on_the_App_Store_black-1536x456.png 1536w, https:\/\/waveday.surf\/wp-content\/uploads\/2023\/10\/Available_on_the_App_Store_black-2048x608.png 2048w, https:\/\/waveday.surf\/wp-content\/uploads\/2023\/10\/Available_on_the_App_Store_black-150x44.png 150w, https:\/\/waveday.surf\/wp-content\/uploads\/2023\/10\/Available_on_the_App_Store_black-480x142.png 480w\" alt=\"\" width=\"150\" height=\"45\" \/><\/a><a class=\"link \" tabindex=\"-1\" title=\"\" href=\"https:\/\/apps.apple.com\/app\/wave-day\/id6469349836\">.path{fill:none;stroke:#333;stroke-miterlimit:10;stroke-width:1.5px;}<\/a><\/p>\n","protected":false},"excerpt":{"rendered":"<p>Wave Day, votre nouvelle application de surf \u00cates-vous un passionn\u00e9 de surf? \u00cates-vous \u00e0 la recherche de l\u2019application ultime qui vous permet de profiter au maximum<span class=\"excerpt-hellip\"> [\u2026]<\/span><\/p>\n","protected":false},"author":1,"featured_media":2658,"parent":0,"menu_order":0,"comment_status":"open","ping_status":"closed","template":"","meta":{"footnotes":""},"class_list":["post-2694","page","type-page","status-publish","has-post-thumbnail","hentry"],"yoast_head":"<!-- This site is optimized with the Yoast SEO Premium plugin v24.8 (Yoast SEO v27.4) - https:\/\/yoast.com\/product\/yoast-seo-premium-wordpress\/ -->\n<title>Wave Day : application de pr\u00e9visions de surf et de journal de surf<\/title>\n<meta name=\"description\" content=\"Wave Day est une nouvelle application de surf o\u00f9 vous pouvez consulter les pr\u00e9visions de surf et conserver votre propre journal de surf.\" \/>\n<meta name=\"robots\" content=\"index, follow, max-snippet:-1, max-image-preview:large, max-video-preview:-1\" \/>\n<link rel=\"canonical\" href=\"https:\/\/waveday.surf\/fr\" \/>\n<meta property=\"og:locale\" content=\"fr_FR\" \/>\n<meta property=\"og:type\" content=\"article\" \/>\n<meta property=\"og:title\" content=\"Accueil\" \/>\n<meta property=\"og:description\" content=\"Wave Day est une nouvelle application de surf o\u00f9 vous pouvez consulter les pr\u00e9visions de surf et conserver votre propre journal de surf.\" \/>\n<meta property=\"og:url\" content=\"https:\/\/waveday.surf\/fr\" \/>\n<meta property=\"og:site_name\" content=\"Wave Day\" \/>\n<meta property=\"article:publisher\" content=\"https:\/\/www.facebook.com\/profile.php?id=61552590241463\" \/>\n<meta property=\"article:modified_time\" content=\"2023-11-02T13:40:47+00:00\" \/>\n<meta property=\"og:image\" content=\"https:\/\/waveday.surf\/wp-content\/uploads\/2023\/10\/waveday.jpg\" \/>\n\t<meta property=\"og:image:width\" content=\"1200\" \/>\n\t<meta property=\"og:image:height\" content=\"633\" \/>\n\t<meta property=\"og:image:type\" content=\"image\/jpeg\" \/>\n<meta name=\"twitter:card\" content=\"summary_large_image\" \/>\n<meta name=\"twitter:label1\" content=\"Dur\u00e9e de lecture estim\u00e9e\" \/>\n\t<meta name=\"twitter:data1\" content=\"5 minutes\" \/>\n<!-- \/ Yoast SEO Premium plugin. -->","yoast_head_json":{"title":"Wave Day : application de pr\u00e9visions de surf et de journal de surf","description":"Wave Day est une nouvelle application de surf o\u00f9 vous pouvez consulter les pr\u00e9visions de surf et conserver votre propre journal de surf.","robots":{"index":"index","follow":"follow","max-snippet":"max-snippet:-1","max-image-preview":"max-image-preview:large","max-video-preview":"max-video-preview:-1"},"canonical":"https:\/\/waveday.surf\/fr","og_locale":"fr_FR","og_type":"article","og_title":"Accueil","og_description":"Wave Day est une nouvelle application de surf o\u00f9 vous pouvez consulter les pr\u00e9visions de surf et conserver votre propre journal de surf.","og_url":"https:\/\/waveday.surf\/fr","og_site_name":"Wave Day","article_publisher":"https:\/\/www.facebook.com\/profile.php?id=61552590241463","article_modified_time":"2023-11-02T13:40:47+00:00","og_image":[{"width":1200,"height":633,"url":"https:\/\/waveday.surf\/wp-content\/uploads\/2023\/10\/waveday.jpg","type":"image\/jpeg"}],"twitter_card":"summary_large_image","twitter_misc":{"Dur\u00e9e de lecture estim\u00e9e":"5 minutes"},"schema":{"@context":"https:\/\/schema.org","@graph":[{"@type":"WebPage","@id":"https:\/\/waveday.surf\/fr","url":"https:\/\/waveday.surf\/fr","name":"Wave Day : application de pr\u00e9visions de surf et de journal de surf","isPartOf":{"@id":"https:\/\/waveday.surf\/fr#website"},"primaryImageOfPage":{"@id":"https:\/\/waveday.surf\/fr#primaryimage"},"image":{"@id":"https:\/\/waveday.surf\/fr#primaryimage"},"thumbnailUrl":"https:\/\/waveday.surf\/wp-content\/uploads\/2023\/10\/waveday.jpg","datePublished":"2023-10-19T07:00:00+00:00","dateModified":"2023-11-02T13:40:47+00:00","description":"Wave Day est une nouvelle application de surf o\u00f9 vous pouvez consulter les pr\u00e9visions de surf et conserver votre propre journal de surf.","breadcrumb":{"@id":"https:\/\/waveday.surf\/fr#breadcrumb"},"inLanguage":"fr-FR","potentialAction":[{"@type":"ReadAction","target":["https:\/\/waveday.surf\/fr"]}]},{"@type":"ImageObject","inLanguage":"fr-FR","@id":"https:\/\/waveday.surf\/fr#primaryimage","url":"https:\/\/waveday.surf\/wp-content\/uploads\/2023\/10\/waveday.jpg","contentUrl":"https:\/\/waveday.surf\/wp-content\/uploads\/2023\/10\/waveday.jpg","width":1200,"height":633,"caption":"Wave Day"},{"@type":"BreadcrumbList","@id":"https:\/\/waveday.surf\/fr#breadcrumb","itemListElement":[{"@type":"ListItem","position":1,"name":"Home","item":"https:\/\/waveday.surf\/fr"},{"@type":"ListItem","position":2,"name":"Accueil"}]},{"@type":"WebSite","@id":"https:\/\/waveday.surf\/fr#website","url":"https:\/\/waveday.surf\/fr","name":"Wave Day","description":"Surf Forecast and Surf log app","publisher":{"@id":"https:\/\/waveday.surf\/fr#organization"},"potentialAction":[{"@type":"SearchAction","target":{"@type":"EntryPoint","urlTemplate":"https:\/\/waveday.surf\/fr?s={search_term_string}"},"query-input":{"@type":"PropertyValueSpecification","valueRequired":true,"valueName":"search_term_string"}}],"inLanguage":"fr-FR"},{"@type":"Organization","@id":"https:\/\/waveday.surf\/fr#organization","name":"Wave Day Surf","alternateName":"Wave Day","url":"https:\/\/waveday.surf\/fr","logo":{"@type":"ImageObject","inLanguage":"fr-FR","@id":"https:\/\/waveday.surf\/fr#\/schema\/logo\/image\/","url":"https:\/\/waveday.surf\/wp-content\/uploads\/2023\/11\/Logo-Wave-Day-696.jpg","contentUrl":"https:\/\/waveday.surf\/wp-content\/uploads\/2023\/11\/Logo-Wave-Day-696.jpg","width":696,"height":696,"caption":"Wave Day Surf"},"image":{"@id":"https:\/\/waveday.surf\/fr#\/schema\/logo\/image\/"},"sameAs":["https:\/\/www.facebook.com\/profile.php?id=61552590241463","https:\/\/www.instagram.com\/waveday.surf\/"],"publishingPrinciples":"https:\/\/waveday.surf\/privacy-policy","actionableFeedbackPolicy":"https:\/\/waveday.surf\/privacy-policy","correctionsPolicy":"https:\/\/waveday.surf\/privacy-policy"}]}},"_links":{"self":[{"href":"https:\/\/waveday.surf\/fr\/wp-json\/wp\/v2\/pages\/2694","targetHints":{"allow":["GET"]}}],"collection":[{"href":"https:\/\/waveday.surf\/fr\/wp-json\/wp\/v2\/pages"}],"about":[{"href":"https:\/\/waveday.surf\/fr\/wp-json\/wp\/v2\/types\/page"}],"author":[{"embeddable":true,"href":"https:\/\/waveday.surf\/fr\/wp-json\/wp\/v2\/users\/1"}],"replies":[{"embeddable":true,"href":"https:\/\/waveday.surf\/fr\/wp-json\/wp\/v2\/comments?post=2694"}],"version-history":[{"count":4,"href":"https:\/\/waveday.surf\/fr\/wp-json\/wp\/v2\/pages\/2694\/revisions"}],"predecessor-version":[{"id":2712,"href":"https:\/\/waveday.surf\/fr\/wp-json\/wp\/v2\/pages\/2694\/revisions\/2712"}],"wp:featuredmedia":[{"embeddable":true,"href":"https:\/\/waveday.surf\/fr\/wp-json\/wp\/v2\/media\/2658"}],"wp:attachment":[{"href":"https:\/\/waveday.surf\/fr\/wp-json\/wp\/v2\/media?parent=2694"}],"curies":[{"name":"wp","href":"https:\/\/api.w.org\/{rel}","templated":true}]}}