{"id":2753,"date":"2023-10-26T22:15:37","date_gmt":"2023-10-26T20:15:37","guid":{"rendered":"https:\/\/waveday.surf\/politique-de-confidentialite"},"modified":"2023-11-05T18:57:46","modified_gmt":"2023-11-05T17:57:46","slug":"politique-de-confidentialite","status":"publish","type":"page","link":"https:\/\/waveday.surf\/fr\/politique-de-confidentialite","title":{"rendered":"Politique de Confidentialit\u00e9"},"content":{"rendered":"\n<p>Dans cette politique de confidentialit\u00e9, vous trouverez toutes les informations pertinentes qui s&rsquo;appliquent \u00e0 notre utilisation des donn\u00e9es personnelles de nos clients et utilisateurs.<\/p>\n\n<ol class=\"wp-block-list\">\n<li><strong>QUI EST RESPONSABLE DU TRAITEMENT DE VOS DONN\u00c9ES?<\/strong><\/li>\n<\/ol>\n\n<p>Le responsable du traitement de vos donn\u00e9es sur le site waveday.surf<br\/>Adresse postale : Ventorrillo 2 15113 Malpica- La Corogne<br\/>Courriel : info@waveday.surf<\/p>\n\n<ol class=\"wp-block-list\" start=\"2\">\n<li><strong>DANS QUELLES FINS TRAITONS-NOUS VOS DONN\u00c9ES PERSONNELLES?<\/strong><\/li>\n<\/ol>\n\n<p>En fonction des produits, services ou fonctionnalit\u00e9s dont vous souhaitez b\u00e9n\u00e9ficier \u00e0 un moment donn\u00e9, nous serons amen\u00e9s \u00e0 traiter certaines donn\u00e9es ou autres, qui seront en g\u00e9n\u00e9ral, selon les cas, les suivantes:<\/p>\n\n<ul class=\"wp-block-list\">\n<li>vos donn\u00e9es d&rsquo;identification (par exemple, votre pr\u00e9nom, votre nom et le pays \u00e0 partir duquel vous interagissez avec nous, vos coordonn\u00e9es, etc.);<\/li>\n\n\n\n<li>informations \u00e9conomiques et transactionnelles (par exemple, vos informations de paiement)<\/li>\n\n\n\n<li>donn\u00e9es de connexion, de g\u00e9olocalisation et de navigation (dans le cas o\u00f9 vous interagissez avec nous depuis votre mobile par exemple);<\/li>\n\n\n\n<li>des informations commerciales (par exemple, si vous \u00eates abonn\u00e9 \u00e0 notre newsletter).<\/li>\n<\/ul>\n\n<p>N&rsquo;oubliez pas que lorsque nous vous demandons de remplir vos donn\u00e9es personnelles pour vous donner acc\u00e8s \u00e0 certaines fonctionnalit\u00e9s ou services de l&rsquo;application, nous marquerons certains champs comme obligatoires, car ce sont des donn\u00e9es dont nous avons besoin pour pouvoir vous fournir le service. . ou vous donner acc\u00e8s \u00e0 la fonctionnalit\u00e9 en question. Veuillez noter que si vous d\u00e9cidez de ne pas nous fournir ces donn\u00e9es, vous ne pourrez peut-\u00eatre pas finaliser votre inscription en tant qu&rsquo;utilisateur ou vous ne pourrez peut-\u00eatre pas profiter de ces services ou fonctionnalit\u00e9s.<\/p>\n\n<p>En fonction de la mani\u00e8re dont vous interagissez avec notre Plateforme, nous traiterons vos donn\u00e9es personnelles aux fins suivantes:<\/p>\n\n<ul class=\"wp-block-list\">\n<li>pour g\u00e9rer votre inscription en tant qu&rsquo;utilisateur ou client: dans le cas o\u00f9 vous d\u00e9cidez de vous inscrire en tant qu&rsquo;utilisateur, nous devons traiter vos donn\u00e9es pour vous identifier en tant qu&rsquo;utilisateur de celui-ci et vous donner acc\u00e8s \u00e0 ses diff\u00e9rentes fonctionnalit\u00e9s, produits et services qui sont \u00e0 votre disposition en tant qu&rsquo;utilisateur enregistr\u00e9. Vous pouvez annuler votre compte utilisateur enregistr\u00e9 en nous contactant.<\/li>\n\n\n\n<li>pour r\u00e9pondre aux sollicitations ou demandes: Nous traitons uniquement les donn\u00e9es personnelles strictement n\u00e9cessaires pour g\u00e9rer ou r\u00e9soudre votre demande ou demande.<\/li>\n\n\n\n<li>\u00e0 des fins de marketing: dans la mesure o\u00f9 vous vous abonnez \u00e0 notre Newsletter, nous traiterons vos donn\u00e9es personnelles pour g\u00e9rer votre abonnement, notamment en vous envoyant des informations personnalis\u00e9es sur nos produits ou services par divers moyens (tels que l&rsquo;e-mail). De m\u00eame, nous pouvons vous envoyer ces informations via des notifications push si vous les avez activ\u00e9es sur votre appareil mobile. N&rsquo;oubliez pas que vous pouvez vous d\u00e9sinscrire de la Newsletter \u00e0 tout moment et gratuitement via la rubrique \u00ab Newsletter \u00bb de la Plateforme, ainsi que via les instructions que nous vous fournissons dans chaque communication. Si vous ne souhaitez pas recevoir de notifications push, vous pouvez d\u00e9sactiver cette option sur votre appareil mobile.<\/li>\n\n\n\n<li>Analyse de convivialit\u00e9 et de qualit\u00e9 pour am\u00e9liorer nos services: Si vous acc\u00e9dez \u00e0 notre application, nous vous informons que nous traiterons vos donn\u00e9es de navigation \u00e0 des fins analytiques et statistiques, c&rsquo;est-\u00e0-dire pour comprendre la mani\u00e8re dont les utilisateurs interagissent avec notre Plateforme. et ainsi pouvoir y introduire des am\u00e9liorations.<\/li>\n<\/ul>\n\n<ol class=\"wp-block-list\" start=\"3\">\n<li><strong>QUELLE EST LA L\u00c9GITIMATION DU TRAITEMENT DE VOS DONN\u00c9ES?<\/strong><\/li>\n<\/ol>\n\n<p>La base juridique qui nous permet de traiter vos donn\u00e9es personnelles d\u00e9pend \u00e9galement de la finalit\u00e9 pour laquelle nous les traitons.<\/p>\n\n<ul class=\"wp-block-list\">\n<li>G\u00e9rer votre inscription en tant qu&rsquo;utilisateur: Le traitement de vos donn\u00e9es est n\u00e9cessaire \u00e0 l&rsquo;ex\u00e9cution des conditions qui r\u00e9gissent l&rsquo;utilisation de la Plateforme. Autrement dit, pour que vous puissiez vous inscrire en tant qu&rsquo;utilisateur, nous devons traiter vos donn\u00e9es personnelles, sinon nous ne serions pas en mesure de g\u00e9rer votre inscription. Dans le cas o\u00f9 vous choisissez d&rsquo;acc\u00e9der ou de vous connecter via un r\u00e9seau social, la raison pour laquelle nous sommes en droit de traiter vos donn\u00e9es est le consentement que vous donnez en autorisant le transfert de vos donn\u00e9es depuis le r\u00e9seau social.<\/li>\n\n\n\n<li>Attention et soutien: Nous consid\u00e9rons que nous avons un int\u00e9r\u00eat l\u00e9gitime \u00e0 r\u00e9pondre aux demandes ou interrogations que vous nous formulez via les diff\u00e9rents moyens de contact existants. Nous comprenons que le traitement de ces donn\u00e9es vous est \u00e9galement b\u00e9n\u00e9fique dans la mesure o\u00f9 il nous permet de vous servir correctement et de r\u00e9soudre toutes les questions soulev\u00e9es. Lorsque votre requ\u00eate est li\u00e9e \u00e0 l&rsquo;exercice des droits dont nous vous informons ci-dessous, ou \u00e0 des r\u00e9clamations li\u00e9es \u00e0 nos produits ou services, ce qui nous l\u00e9gitime \u00e0 traiter vos donn\u00e9es est le respect des obligations l\u00e9gales de notre part.<\/li>\n\n\n\n<li>Marketing: La base l\u00e9gitime du traitement de vos donn\u00e9es \u00e0 des fins de marketing est le consentement que vous nous donnez, par exemple lorsque vous acceptez de recevoir des informations personnalis\u00e9es par divers moyens, lorsque vous autorisez l&rsquo;envoi de notifications push sur votre appareil mobile, ou lorsque Vous acceptez les bases l\u00e9gales pour participer \u00e0 une action promotionnelle ou publier vos photographies sur la Plateforme ou sur nos r\u00e9seaux sociaux. Pour vous montrer des informations personnalis\u00e9es, nous consid\u00e9rons que nous avons un int\u00e9r\u00eat l\u00e9gitime \u00e0 cr\u00e9er des profils avec les informations que nous poss\u00e9dons sur vous (telles que votre navigation, vos pr\u00e9f\u00e9rences ou votre historique d&rsquo;achats) et les donn\u00e9es personnelles que vous nous avez fournies telles que votre tranche d&rsquo;\u00e2ge. ou la langue, car nous comprenons que le traitement de ces donn\u00e9es vous est \u00e9galement b\u00e9n\u00e9fique car il vous permet d&rsquo;am\u00e9liorer votre exp\u00e9rience utilisateur et d&rsquo;acc\u00e9der \u00e0 l&rsquo;information selon vos pr\u00e9f\u00e9rences.<\/li>\n\n\n\n<li>Analyse de la convivialit\u00e9 et de la qualit\u00e9: Nous consid\u00e9rons que nous avons un int\u00e9r\u00eat l\u00e9gitime \u00e0 analyser la convivialit\u00e9 de l&rsquo;application et le degr\u00e9 de satisfaction des utilisateurs, car nous comprenons que le traitement de ces donn\u00e9es est \u00e9galement b\u00e9n\u00e9fique pour vous car le but est d&rsquo;am\u00e9liorer l&rsquo;utilisateur. exp\u00e9rience. et offrir un service de meilleure qualit\u00e9.<\/li>\n<\/ul>\n\n<ol class=\"wp-block-list\" start=\"4\">\n<li><strong>COMBIEN DE TEMPS CONSERVERONS-NOUS VOS DONN\u00c9ES?<\/strong><\/li>\n<\/ol>\n\n<p>Nous traiterons vos donn\u00e9es aussi longtemps que vous resterez un utilisateur enregistr\u00e9 (c&rsquo;est-\u00e0-dire jusqu&rsquo;\u00e0 ce que vous d\u00e9cidiez de vous d\u00e9sinscrire). De m\u00eame, nous traiterons vos donn\u00e9es aussi longtemps que n\u00e9cessaire pour r\u00e9pondre \u00e0 votre demande ou demande et jusqu&rsquo;\u00e0 votre d\u00e9sinscription ou annulation de votre abonnement \u00e0 la newsletter. Que nous traitions ou non vos donn\u00e9es pendant le temps strictement n\u00e9cessaire pour atteindre la finalit\u00e9 correspondante, nous les conserverons ensuite d\u00fbment stock\u00e9es et prot\u00e9g\u00e9es pendant la dur\u00e9e pendant laquelle des responsabilit\u00e9s peuvent d\u00e9couler du traitement, en respectant \u00e0 tout moment la r\u00e9glementation en vigueur. Une fois les actions possibles prescrites dans chaque cas, nous proc\u00e9derons \u00e0 la suppression des donn\u00e9es personnelles.<\/p>\n\n<ol class=\"wp-block-list\" start=\"5\">\n<li><strong>PARTAGEONS-NOUS VOS DONN\u00c9ES AVEC DES TIERS?<\/strong><\/li>\n<\/ol>\n\n<p>Les donn\u00e9es personnelles ne seront pas transf\u00e9r\u00e9es \u00e0 des tiers sauf lorsqu&rsquo;il existe une obligation l\u00e9gale.<\/p>\n\n<ol class=\"wp-block-list\" start=\"6\">\n<li><strong>QUELS SONT VOS DROITS LORSQUE VOUS NOUS FOURNISSONS VOS DONN\u00c9ES?<\/strong><\/li>\n<\/ol>\n\n<p>Nous nous engageons \u00e0 respecter la confidentialit\u00e9 de vos donn\u00e9es personnelles et \u00e0 garantir l&rsquo;exercice de vos droits. Vous pouvez les exercer gratuitement en \u00e9crivant un email \u00e0 notre adresse info@waveday.surf, en indiquant simplement le motif de votre demande et le droit que vous souhaitez exercer. Dans le cas o\u00f9 nous estimons n\u00e9cessaire de vous identifier, nous pouvons demander une copie d&rsquo;un document prouvant votre identit\u00e9.<\/p>\n\n<p>En particulier, quelle que soit la finalit\u00e9 ou la base juridique pour laquelle nous traitons vos donn\u00e9es, vous avez le droit de:<\/p>\n\n<ul class=\"wp-block-list\">\n<li>demandez-nous l&rsquo;acc\u00e8s aux donn\u00e9es que nous poss\u00e9dons sur vous. Nous vous rappelons que si vous \u00eates un utilisateur enregistr\u00e9 de la Plateforme, vous pouvez \u00e9galement consulter ces informations dans la rubrique correspondant \u00e0 vos donn\u00e9es personnelles.<\/li>\n\n\n\n<li>nous demander de rectifier les donn\u00e9es dont nous disposons d\u00e9j\u00e0. N&rsquo;oubliez pas que si vous \u00eates un utilisateur enregistr\u00e9 de la Plateforme, vous pouvez \u00e9galement acc\u00e9der \u00e0 la section correspondant \u00e0 vos donn\u00e9es personnelles dans votre compte pour modifier ou mettre \u00e0 jour vos donn\u00e9es personnelles. Dans tous les cas, veuillez noter qu&rsquo;en nous fournissant activement vos donn\u00e9es personnelles par quelque moyen que ce soit, vous garantissez qu&rsquo;elles sont v\u00e9ridiques et exactes et vous vous engagez \u00e0 nous informer de tout changement ou modification de celles-ci. Toute perte ou dommage caus\u00e9 \u00e0 la Plateforme ou au responsable de la Plateforme ou \u00e0 tout tiers du fait de la communication d&rsquo;informations erron\u00e9es, inexactes ou incompl\u00e8tes dans les formulaires d&rsquo;inscription, sera de la seule responsabilit\u00e9 de l&rsquo;utilisateur. N&rsquo;oubliez pas qu&rsquo;en r\u00e8gle g\u00e9n\u00e9rale, vous ne devez nous fournir que vos propres donn\u00e9es personnelles, et non celles de tiers, sauf dans les cas autoris\u00e9s dans la pr\u00e9sente politique de confidentialit\u00e9.<\/li>\n\n\n\n<li>nous demander de supprimer vos donn\u00e9es dans la mesure o\u00f9 elles ne sont plus n\u00e9cessaires \u00e0 la finalit\u00e9 pour laquelle nous devons les traiter comme nous vous l&rsquo;avons pr\u00e9alablement inform\u00e9, ou que nous n&rsquo;avons plus le droit de le faire.<\/li>\n\n\n\n<li>nous demander de limiter le traitement de vos donn\u00e9es, ce qui signifie que dans certains cas vous pouvez nous demander de suspendre temporairement le traitement des donn\u00e9es ou de les conserver au-del\u00e0 de la dur\u00e9e n\u00e9cessaire lorsque vous pourriez en avoir besoin.<\/li>\n<\/ul>\n\n<p>Si vous nous avez donn\u00e9 votre consentement pour traiter vos donn\u00e9es \u00e0 quelque fin que ce soit, vous avez \u00e9galement le droit de le retirer \u00e0 tout moment. Certaines des mani\u00e8res par lesquelles vous pouvez retirer votre consentement sont expliqu\u00e9es dans la section 2 dans laquelle nous expliquons les finalit\u00e9s pour lesquelles nous traitons vos donn\u00e9es.<\/p>\n\n<p>Lorsque notre l\u00e9gitimit\u00e9 pour le traitement de vos donn\u00e9es est votre consentement ou l&rsquo;ex\u00e9cution du contrat, comme expliqu\u00e9 dans la section 3, vous aurez \u00e9galement le droit de demander la portabilit\u00e9 de vos donn\u00e9es personnelles. Cela signifie que vous aurez le droit de recevoir les donn\u00e9es personnelles que vous nous avez fournies dans un format structur\u00e9, couramment utilis\u00e9 et lisible par machine, afin qu&rsquo;elles puissent \u00eatre transmises directement \u00e0 une autre entit\u00e9, dans la mesure o\u00f9 cela est techniquement possible.<\/p>\n\n<p>En revanche, lorsque le traitement de vos donn\u00e9es repose sur notre int\u00e9r\u00eat l\u00e9gitime, vous aurez \u00e9galement le droit de vous opposer au traitement de vos donn\u00e9es.<\/p>\n\n<p>Enfin, nous vous informons de votre droit de d\u00e9poser une r\u00e9clamation aupr\u00e8s de l&rsquo;autorit\u00e9 de contr\u00f4le de la protection des donn\u00e9es correspondante, en particulier aupr\u00e8s de l&rsquo;Agence espagnole de protection des donn\u00e9es.<\/p>\n\n<ol class=\"wp-block-list\" start=\"7\">\n<li><strong>CHANGEMENTS DANS LA POLITIQUE DE CONFIDENTIALIT\u00c9<\/strong><\/li>\n<\/ol>\n\n<p>Nous pouvons modifier les informations contenues dans cette politique de confidentialit\u00e9 lorsque nous le jugeons appropri\u00e9. Si nous le faisons, nous vous le communiquerons de diff\u00e9rentes mani\u00e8res via la Plateforme (par exemple, via une banni\u00e8re, une pop-up ou une notification push), ou nous le communiquerons m\u00eame \u00e0 votre adresse e-mail lorsque la question est importante. pour votre vie priv\u00e9e, afin que vous puissiez consulter les modifications, les \u00e9valuer et, le cas \u00e9ch\u00e9ant, vous opposer ou vous d\u00e9sabonner de tout service ou fonctionnalit\u00e9. Dans tous les cas, nous vous sugg\u00e9rons de consulter p\u00e9riodiquement cette politique de confidentialit\u00e9 en cas de modifications mineures ou si nous introduisons des am\u00e9liorations interactives, en profitant du fait que vous la trouverez toujours comme point d&rsquo;information permanent dans l&rsquo;application.<\/p>\n\n<p><strong>POLITIQUE D&rsquo;ABONNEMENT<\/strong><\/p>\n\n<p>Apr\u00e8s vous \u00eatre abonn\u00e9 au forfait s\u00e9lectionn\u00e9, la p\u00e9riode d&rsquo;essai gratuite de 3 jours commencera. Le paiement de l&rsquo;abonnement sera d\u00e9bit\u00e9 de votre compte iTunes \u00e0 la fin de la p\u00e9riode d&rsquo;essai gratuite et sera automatiquement renouvel\u00e9 sauf annulation 24 heures avant la fin de la p\u00e9riode en cours. Votre compte iTunes sera factur\u00e9 pour le renouvellement dans les 24 heures pr\u00e9c\u00e9dant la fin de la p\u00e9riode en cours et le co\u00fbt du renouvellement sera identifi\u00e9. Les abonnements peuvent \u00eatre g\u00e9r\u00e9s par l&rsquo;utilisateur et le renouvellement automatique peut \u00eatre d\u00e9sactiv\u00e9 en acc\u00e9dant aux param\u00e8tres du compte de l&rsquo;utilisateur apr\u00e8s l&rsquo;achat.<\/p>\n\n<p>Pour plus d&rsquo;informations sur les conditions d&rsquo;utilisation (CLUF) et l&rsquo;accord de demande de paiement, vous pouvez cliquer sur le lien suivant : <a href=\"https:\/\/www.apple.com\/legal\/internet-services\/itunes\/dev\/stdeula\/\">Accord de demande de paiement<\/a><\/p>\n","protected":false},"excerpt":{"rendered":"<p>Dans cette politique de confidentialit\u00e9, vous trouverez toutes les informations pertinentes qui s&rsquo;appliquent \u00e0 notre utilisation des donn\u00e9es personnelles de nos clients et utilisateurs. Le responsable<span class=\"excerpt-hellip\"> [\u2026]<\/span><\/p>\n","protected":false},"author":1,"featured_media":0,"parent":0,"menu_order":0,"comment_status":"closed","ping_status":"closed","template":"","meta":{"footnotes":""},"class_list":["post-2753","page","type-page","status-publish","hentry"],"yoast_head":"<!-- This site is optimized with the Yoast SEO Premium plugin v24.8 (Yoast SEO v27.4) - https:\/\/yoast.com\/product\/yoast-seo-premium-wordpress\/ -->\n<title>Politique de Confidentialit\u00e9 - Wave Day<\/title>\n<meta name=\"robots\" content=\"index, follow, max-snippet:-1, max-image-preview:large, max-video-preview:-1\" \/>\n<link rel=\"canonical\" href=\"https:\/\/waveday.surf\/fr\/politique-de-confidentialite\" \/>\n<meta property=\"og:locale\" content=\"fr_FR\" \/>\n<meta property=\"og:type\" content=\"article\" \/>\n<meta property=\"og:title\" content=\"Politique de Confidentialit\u00e9\" \/>\n<meta property=\"og:description\" content=\"Dans cette politique de confidentialit\u00e9, vous trouverez toutes les informations pertinentes qui s&rsquo;appliquent \u00e0 notre utilisation des donn\u00e9es personnelles de nos clients et utilisateurs. Le responsable [\u2026]\" \/>\n<meta property=\"og:url\" content=\"https:\/\/waveday.surf\/fr\/politique-de-confidentialite\" \/>\n<meta property=\"og:site_name\" content=\"Wave Day\" \/>\n<meta property=\"article:publisher\" content=\"https:\/\/www.facebook.com\/profile.php?id=61552590241463\" \/>\n<meta property=\"article:modified_time\" content=\"2023-11-05T17:57:46+00:00\" \/>\n<meta name=\"twitter:card\" content=\"summary_large_image\" \/>\n<meta name=\"twitter:label1\" content=\"Dur\u00e9e de lecture estim\u00e9e\" \/>\n\t<meta name=\"twitter:data1\" content=\"10 minutes\" \/>\n<!-- \/ Yoast SEO Premium plugin. -->","yoast_head_json":{"title":"Politique de Confidentialit\u00e9 - Wave Day","robots":{"index":"index","follow":"follow","max-snippet":"max-snippet:-1","max-image-preview":"max-image-preview:large","max-video-preview":"max-video-preview:-1"},"canonical":"https:\/\/waveday.surf\/fr\/politique-de-confidentialite","og_locale":"fr_FR","og_type":"article","og_title":"Politique de Confidentialit\u00e9","og_description":"Dans cette politique de confidentialit\u00e9, vous trouverez toutes les informations pertinentes qui s&rsquo;appliquent \u00e0 notre utilisation des donn\u00e9es personnelles de nos clients et utilisateurs. Le responsable [\u2026]","og_url":"https:\/\/waveday.surf\/fr\/politique-de-confidentialite","og_site_name":"Wave Day","article_publisher":"https:\/\/www.facebook.com\/profile.php?id=61552590241463","article_modified_time":"2023-11-05T17:57:46+00:00","twitter_card":"summary_large_image","twitter_misc":{"Dur\u00e9e de lecture estim\u00e9e":"10 minutes"},"schema":{"@context":"https:\/\/schema.org","@graph":[{"@type":"WebPage","@id":"https:\/\/waveday.surf\/fr\/politique-de-confidentialite","url":"https:\/\/waveday.surf\/fr\/politique-de-confidentialite","name":"Politique de Confidentialit\u00e9 - Wave Day","isPartOf":{"@id":"https:\/\/waveday.surf\/fr#website"},"datePublished":"2023-10-26T20:15:37+00:00","dateModified":"2023-11-05T17:57:46+00:00","breadcrumb":{"@id":"https:\/\/waveday.surf\/fr\/politique-de-confidentialite#breadcrumb"},"inLanguage":"fr-FR","potentialAction":[{"@type":"ReadAction","target":["https:\/\/waveday.surf\/fr\/politique-de-confidentialite"]}]},{"@type":"BreadcrumbList","@id":"https:\/\/waveday.surf\/fr\/politique-de-confidentialite#breadcrumb","itemListElement":[{"@type":"ListItem","position":1,"name":"Home","item":"https:\/\/waveday.surf\/fr"},{"@type":"ListItem","position":2,"name":"Politique de Confidentialit\u00e9"}]},{"@type":"WebSite","@id":"https:\/\/waveday.surf\/fr#website","url":"https:\/\/waveday.surf\/fr","name":"Wave Day","description":"Surf Forecast and Surf log app","publisher":{"@id":"https:\/\/waveday.surf\/fr#organization"},"potentialAction":[{"@type":"SearchAction","target":{"@type":"EntryPoint","urlTemplate":"https:\/\/waveday.surf\/fr?s={search_term_string}"},"query-input":{"@type":"PropertyValueSpecification","valueRequired":true,"valueName":"search_term_string"}}],"inLanguage":"fr-FR"},{"@type":"Organization","@id":"https:\/\/waveday.surf\/fr#organization","name":"Wave Day Surf","alternateName":"Wave Day","url":"https:\/\/waveday.surf\/fr","logo":{"@type":"ImageObject","inLanguage":"fr-FR","@id":"https:\/\/waveday.surf\/fr#\/schema\/logo\/image\/","url":"https:\/\/waveday.surf\/wp-content\/uploads\/2023\/11\/Logo-Wave-Day-696.jpg","contentUrl":"https:\/\/waveday.surf\/wp-content\/uploads\/2023\/11\/Logo-Wave-Day-696.jpg","width":696,"height":696,"caption":"Wave Day Surf"},"image":{"@id":"https:\/\/waveday.surf\/fr#\/schema\/logo\/image\/"},"sameAs":["https:\/\/www.facebook.com\/profile.php?id=61552590241463","https:\/\/www.instagram.com\/waveday.surf\/"],"publishingPrinciples":"https:\/\/waveday.surf\/privacy-policy","actionableFeedbackPolicy":"https:\/\/waveday.surf\/privacy-policy","correctionsPolicy":"https:\/\/waveday.surf\/privacy-policy"}]}},"_links":{"self":[{"href":"https:\/\/waveday.surf\/fr\/wp-json\/wp\/v2\/pages\/2753","targetHints":{"allow":["GET"]}}],"collection":[{"href":"https:\/\/waveday.surf\/fr\/wp-json\/wp\/v2\/pages"}],"about":[{"href":"https:\/\/waveday.surf\/fr\/wp-json\/wp\/v2\/types\/page"}],"author":[{"embeddable":true,"href":"https:\/\/waveday.surf\/fr\/wp-json\/wp\/v2\/users\/1"}],"replies":[{"embeddable":true,"href":"https:\/\/waveday.surf\/fr\/wp-json\/wp\/v2\/comments?post=2753"}],"version-history":[{"count":4,"href":"https:\/\/waveday.surf\/fr\/wp-json\/wp\/v2\/pages\/2753\/revisions"}],"predecessor-version":[{"id":2765,"href":"https:\/\/waveday.surf\/fr\/wp-json\/wp\/v2\/pages\/2753\/revisions\/2765"}],"wp:attachment":[{"href":"https:\/\/waveday.surf\/fr\/wp-json\/wp\/v2\/media?parent=2753"}],"curies":[{"name":"wp","href":"https:\/\/api.w.org\/{rel}","templated":true}]}}