{"id":2708,"date":"2023-10-19T09:00:00","date_gmt":"2023-10-19T07:00:00","guid":{"rendered":"https:\/\/waveday.surf\/home"},"modified":"2023-11-02T14:41:19","modified_gmt":"2023-11-02T13:41:19","slug":"wave-day","status":"publish","type":"page","link":"https:\/\/waveday.surf\/pt-pt","title":{"rendered":"Inicio"},"content":{"rendered":"<h2>Wave Day, seu novo aplicativo de surf<\/h2>\n<p>Voc\u00ea \u00e9 um entusiasta do surf? Voc\u00ea est\u00e1 procurando o aplicativo definitivo que permite aproveitar ao m\u00e1ximo cada sess\u00e3o de surf? N\u00e3o procure mais! Apresentamos o Wave Day, o aplicativo de surf desenvolvido por surfistas para surfistas. Com o Wave Day, oferecemos muito mais do que apenas uma previs\u00e3o de surf. Este aplicativo \u00e9 o seu melhor companheiro de surf e aqui est\u00e1 o porqu\u00ea.<\/p>\n<h4 class=\"title label\">Previs\u00e3o de surf precisa<\/h4>\n<p>Com o Wave Day, voc\u00ea pode verificar a previs\u00e3o do surf hora a hora. Quer voc\u00ea seja um surfista iniciante ou experiente, sempre saber\u00e1 o que esperar na \u00e1gua. Al\u00e9m disso, nosso aplicativo fornece informa\u00e7\u00f5es meteorol\u00f3gicas detalhadas, como clima e vento, para uma experi\u00eancia de surf abrangente.<\/p>\n<h4 class=\"title label\">Di\u00e1rio pessoal de surf<\/h4>\n<p>Quer manter um registro das suas sess\u00f5es de surf favoritas? Com o Wave Day, voc\u00ea pode fazer isso facilmente. Nosso Surflog permite que voc\u00ea salve dados detalhados de suas sess\u00f5es de surf e adicione notas pessoais. Crie um registro totalmente personalizado de suas aventuras no mar e veja como seu surf progride ao longo do tempo.<\/p>\n<h4 class=\"title label\">Os melhores spots de surf<\/h4>\n<p>Sonha em surfar em locais ex\u00f3ticos ao redor do mundo? Com o Wave Day, voc\u00ea pode adicionar seus locais favoritos \u00e0 lista e visualiz\u00e1-los em um mapa interativo. Use a integra\u00e7\u00e3o do Apple Maps para chegar ao seu destino sem complica\u00e7\u00f5es. Al\u00e9m disso, voc\u00ea pode marcar suas praias favoritas e filtr\u00e1-las por proximidade.<\/p>\n<h4 class=\"title label\">Flua com a onda<\/h4>\n<p>Seja voc\u00ea um iniciante ou um surfista experiente, voc\u00ea se sentir\u00e1 \u00e0 vontade usando o Wave Day. Basta fluir e deslizar a tela para ver a previs\u00e3o das ondas para sete dias, hora a hora, a mar\u00e9, a varia\u00e7\u00e3o do vento e a dire\u00e7\u00e3o das ondas.<\/p>\n<h4 class=\"title label\">Customiz\u00e1vel<\/h4>\n<p>Sabemos que cada surfista \u00e9 \u00fanico, assim como as suas prefer\u00eancias de medi\u00e7\u00e3o. Com o Wave Day, voc\u00ea pode escolher entre v\u00e1rias unidades de medida que atendem \u00e0s suas necessidades e \u00e0 \u00e1rea geogr\u00e1fica em que voc\u00ea est\u00e1.<\/p>\n<h4 class=\"title label\">Legenda<\/h4>\n<p>Se voc\u00ea \u00e9 um surfista iniciante ou tem alguma d\u00favida sobre o significado dos dados fornecidos pelo aplicativo, voc\u00ea tem uma se\u00e7\u00e3o espec\u00edfica dispon\u00edvel em Defini\u00e7\u00f5es onde explicamos o que \u00e9 cada um dos dados de previs\u00e3o.<\/p>\n<h2 style=\"color: #ffffff; text-align: center;\">Design moderno e intuitivo<\/h2>\n<p><span style=\"color: #ffffff; letter-spacing: 0px;\">No Wave Day, acreditamos na simplicidade Nossa interface \u00e9 projetada para ser moderna, visual, intuitiva e simples. N\u00e3o vamos sobrecarreg\u00e1-lo com informa\u00e7\u00f5es desnecess\u00e1rias; em vez disso, forneceremos dados-chave de forma clara e concisa. Seja voc\u00ea um iniciante ou um surfista experiente, voc\u00ea se sentir\u00e1 \u00e0 vontade usando o Wave Day.<\/span><\/p>\n<p><a href=\"https:\/\/waveday.surf\/pt-pt\/contact-us\" class=\"\" tabindex=\"-1\" title=\"\"><img width=\"1200\" height=\"642\" src=\"https:\/\/waveday.surf\/wp-content\/uploads\/2023\/10\/desing-1-1200x642.png\" class=\"scale-with-grid\" alt=\"\" decoding=\"async\" style=\"\" loading=\"lazy\" srcset=\"https:\/\/waveday.surf\/wp-content\/uploads\/2023\/10\/desing-1-1200x642.png 1200w, https:\/\/waveday.surf\/wp-content\/uploads\/2023\/10\/desing-1-500x267.png 500w, https:\/\/waveday.surf\/wp-content\/uploads\/2023\/10\/desing-1-300x160.png 300w, https:\/\/waveday.surf\/wp-content\/uploads\/2023\/10\/desing-1-768x411.png 768w, https:\/\/waveday.surf\/wp-content\/uploads\/2023\/10\/desing-1-1536x821.png 1536w, https:\/\/waveday.surf\/wp-content\/uploads\/2023\/10\/desing-1-2048x1095.png 2048w, https:\/\/waveday.surf\/wp-content\/uploads\/2023\/10\/desing-1-140x75.png 140w, https:\/\/waveday.surf\/wp-content\/uploads\/2023\/10\/desing-1-480x257.png 480w\" sizes=\"auto, (max-width:767px) 480px, (max-width:1200px) 100vw, 1200px\"><\/a><a href=\"https:\/\/waveday.surf\/pt-pt\/contact-us\" class=\"link \" tabindex=\"-1\" title=\"\">.path{fill:none;stroke:#333;stroke-miterlimit:10;stroke-width:1.5px;}<\/a><\/p>\n<h2 style=\"color: #2990c0;\">Aprimorou sua experi\u00eancia de surf<\/h2>\n<h6 style=\"color: #808080;\">Deseja levar sua experi\u00eancia de surf para o pr\u00f3ximo n\u00edvel? Wave Day oferece op\u00e7\u00f5es de subscri\u00e7\u00e3o anual e mensal.<\/h6>\n<h4 class=\"title\">Mais dias de previs\u00e3o<\/h4>\n<p>Tenha acesso a uma semana completa de previs\u00f5es de ondas para planear as suas sess\u00f5es de surf.<\/p>\n<h4 class=\"title\">30 dias de Surflog<\/h4>\n<p>Voc\u00ea ter\u00e1 30 dias para registrar suas sess\u00f5es no Surflog.<\/p>\n<h4 class=\"title\">Dados ilimitados<\/h4>\n<p>Aproveite a capacidade ilimitada para salvar todas as sess\u00f5es de surf que desejar.<\/p>\n<h4 class=\"title\">Sem publicidade<\/h4>\n<p>Livre-se da publicidade e verifique as previs\u00f5es de surf ou adicione seu surflog mais rapidamente.<\/p>\n<h2 style=\"color: #ffffff;\">Para surfistas de todo o mundo<\/h2>\n<p><img width=\"780\" height=\"360\" src=\"https:\/\/waveday.surf\/wp-content\/uploads\/2023\/10\/company5_map.png\" class=\"scale-with-grid\" alt=\"\" decoding=\"async\" style=\"\" loading=\"lazy\" srcset=\"https:\/\/waveday.surf\/wp-content\/uploads\/2023\/10\/company5_map.png 780w, https:\/\/waveday.surf\/wp-content\/uploads\/2023\/10\/company5_map-500x231.png 500w, https:\/\/waveday.surf\/wp-content\/uploads\/2023\/10\/company5_map-300x138.png 300w, https:\/\/waveday.surf\/wp-content\/uploads\/2023\/10\/company5_map-768x354.png 768w, https:\/\/waveday.surf\/wp-content\/uploads\/2023\/10\/company5_map-150x69.png 150w, https:\/\/waveday.surf\/wp-content\/uploads\/2023\/10\/company5_map-480x222.png 480w\" sizes=\"auto, (max-width:767px) 480px, (max-width:780px) 100vw, 780px\"><br \/>\n<span class=\"number\" data-to=\"4\" data-duration=\"1500\">4<\/span><\/p>\n<p class=\"title\">Idiomas dispon\u00edveis: ingl\u00eas, espanhol, portugu\u00eas e franc\u00eas. Para que onde quer que esteja encontre as melhores ondas.<\/p>\n<p><span class=\"number\" data-to=\"174\" data-duration=\"1500\">174<\/span><\/p>\n<p class=\"title\">Os pa\u00edses agora podem aproveitar o Wave Day e fazer parte da grande comunidade global de surfistas. Junte-se \u00e0 aventura tamb\u00e9m!<\/p>\n<h2>Participe do Wave Day!<\/h2>\n<p>No Wave Day acreditamos firmemente no trabalho em equipe. Nosso objetivo \u00e9 promover ainda mais o surf e todo o setor que ama e vive deste esporte. \u00c9 por isso que criamos um plano especial de patroc\u00ednio e colabora\u00e7\u00e3o aberto a escolas de surf, shapers, administra\u00e7\u00f5es ou empresas relacionadas que queiram gerar sinergias e crescer juntos em todo o mundo. Se voc\u00ea estiver interessado, <a href=\"info@waveday.surf\">entre em contato conosco!<\/a><\/p>\n<h3 style=\"text-align: center; color: #ffffff;\">B\u00c1SICO<\/h3>\n<ul>\n<li><span style=\"color: #000000;\"><span style=\"caret-color: #000000; color: #ffffff;\">Nome da marca e link na se\u00e7\u00e3o \u201cMarcas patrocinadoras\u201d.<\/span><\/span><\/li>\n<li><span style=\"color: #ffffff;\">Men\u00e7\u00e3o em todas as publica\u00e7\u00f5es de m\u00eddia social do Wave Day.<\/span><\/li>\n<li><span style=\"color: #ffffff;\">C\u00f3digos de desconto na assinatura anual para seus clientes.<\/span><\/li>\n<p>Este plano \u00e9 compat\u00edvel com patroc\u00ednios Premium e Plus.<\/ul>\n<h3 style=\"text-align: center; color: #ffffff;\">PREMIUM<\/h3>\n<ul>\n<li><span style=\"color: #000000;\"><span style=\"caret-color: #000000; color: #ffffff;\">Logotipo da sua marca (com link) no banner do patrocinador localizado na se\u00e7\u00e3o de previs\u00e3o de surf de todas as praias.<\/span><\/span><\/li>\n<li><span style=\"color: #ffffff;\">Men\u00e7\u00e3o em todas as publica\u00e7\u00f5es de m\u00eddia social do Wave Day.<\/span><\/li>\n<li><span style=\"color: #ffffff;\">C\u00f3digos de desconto na assinatura anual para seus clientes.<\/span><\/li>\n<\/ul>\n<h3 style=\"text-align: center; color: #ffffff;\">PLUS<\/h3>\n<ul>\n<li><span style=\"color: #000000;\"><span style=\"caret-color: #000000; color: #ffffff;\">Espa\u00e7o exclusivo de patroc\u00ednio na sec\u00e7\u00e3o de previs\u00e3o de surf em duas praias \u00e0 sua escolha (sujeito a disponibilidade).<\/span><\/span><\/li>\n<li><span style=\"color: #ffffff;\">Logotipo da sua marca (com link) no banner dos patrocinadores da se\u00e7\u00e3o de previs\u00e3o de surf nas demais praias.<\/span><\/li>\n<li><span style=\"color: #ffffff;\">C\u00f3digos de desconto na assinatura anual para seus clientes e muito mais.<\/span><\/li>\n<\/ul>\n<p><img decoding=\"async\" class=\"mfn-parallax\" src=\"https:\/\/waveday.surf\/wp-content\/uploads\/2023\/10\/home_surfing_slider.jpg#2407\" alt=\"parallax background\" style=\"opacity:0\"><\/p>\n<h2 style=\"color: #ffffff;\">Baixe Wave Day agora gr\u00e1tis!<\/h2>\n<h6 style=\"color: #ffffff;\">Junte-se ao Wave Day gratuitamente e melhore sua experi\u00eancia com nossas subscri\u00e7\u00e3o. Baixe e comece sua aventura agora!<\/h6>\n<p style=\"text-align: center;\">\n<p style=\"text-align: center;\"><a href=\"https:\/\/apps.apple.com\/app\/wave-day\/id6469349836\" class=\"\" tabindex=\"-1\" title=\"\"><img width=\"150\" height=\"45\" src=\"https:\/\/waveday.surf\/wp-content\/uploads\/2023\/10\/Available_on_the_App_Store_black-300x89.png\" class=\"scale-with-grid\" alt=\"\" decoding=\"async\" style=\"\" loading=\"lazy\" srcset=\"https:\/\/waveday.surf\/wp-content\/uploads\/2023\/10\/Available_on_the_App_Store_black-300x89.png 300w, https:\/\/waveday.surf\/wp-content\/uploads\/2023\/10\/Available_on_the_App_Store_black-500x148.png 500w, https:\/\/waveday.surf\/wp-content\/uploads\/2023\/10\/Available_on_the_App_Store_black-1200x356.png 1200w, https:\/\/waveday.surf\/wp-content\/uploads\/2023\/10\/Available_on_the_App_Store_black-768x228.png 768w, https:\/\/waveday.surf\/wp-content\/uploads\/2023\/10\/Available_on_the_App_Store_black-1536x456.png 1536w, https:\/\/waveday.surf\/wp-content\/uploads\/2023\/10\/Available_on_the_App_Store_black-2048x608.png 2048w, https:\/\/waveday.surf\/wp-content\/uploads\/2023\/10\/Available_on_the_App_Store_black-150x44.png 150w, https:\/\/waveday.surf\/wp-content\/uploads\/2023\/10\/Available_on_the_App_Store_black-480x142.png 480w\" sizes=\"auto, (max-width:767px) 150px, 150px\"><\/a><a href=\"https:\/\/apps.apple.com\/app\/wave-day\/id6469349836\" class=\"link \" tabindex=\"-1\" title=\"\">.path{fill:none;stroke:#333;stroke-miterlimit:10;stroke-width:1.5px;}<\/a><\/p>\n","protected":false},"excerpt":{"rendered":"<p>Wave Day, seu novo aplicativo de surf Voc\u00ea \u00e9 um entusiasta do surf? Voc\u00ea est\u00e1 procurando o aplicativo definitivo que permite aproveitar ao m\u00e1ximo cada sess\u00e3o<span class=\"excerpt-hellip\"> [\u2026]<\/span><\/p>\n","protected":false},"author":1,"featured_media":2659,"parent":0,"menu_order":0,"comment_status":"open","ping_status":"closed","template":"","meta":{"footnotes":""},"class_list":["post-2708","page","type-page","status-publish","has-post-thumbnail","hentry"],"yoast_head":"<!-- This site is optimized with the Yoast SEO Premium plugin v24.8 (Yoast SEO v27.4) - https:\/\/yoast.com\/product\/yoast-seo-premium-wordpress\/ -->\n<title>Wave Day: aplicativo de previs\u00e3o de surf e Surflog<\/title>\n<meta name=\"description\" content=\"Wave Day \u00e9 um novo aplicativo de surf onde voc\u00ea pode verificar a previs\u00e3o do surf e manter seu pr\u00f3prio registro de surf.\" \/>\n<meta name=\"robots\" content=\"index, follow, max-snippet:-1, max-image-preview:large, max-video-preview:-1\" \/>\n<link rel=\"canonical\" href=\"https:\/\/waveday.surf\/pt-pt\" \/>\n<meta property=\"og:locale\" content=\"pt_PT\" \/>\n<meta property=\"og:type\" content=\"article\" \/>\n<meta property=\"og:title\" content=\"Inicio\" \/>\n<meta property=\"og:description\" content=\"Wave Day \u00e9 um novo aplicativo de surf onde voc\u00ea pode verificar a previs\u00e3o do surf e manter seu pr\u00f3prio registro de surf.\" \/>\n<meta property=\"og:url\" content=\"https:\/\/waveday.surf\/pt-pt\" \/>\n<meta property=\"og:site_name\" content=\"Wave Day\" \/>\n<meta property=\"article:publisher\" content=\"https:\/\/www.facebook.com\/profile.php?id=61552590241463\" \/>\n<meta property=\"article:modified_time\" content=\"2023-11-02T13:41:19+00:00\" \/>\n<meta property=\"og:image\" content=\"https:\/\/waveday.surf\/wp-content\/uploads\/2023\/10\/waveday.jpg\" \/>\n\t<meta property=\"og:image:width\" content=\"1200\" \/>\n\t<meta property=\"og:image:height\" content=\"633\" \/>\n\t<meta property=\"og:image:type\" content=\"image\/jpeg\" \/>\n<meta name=\"twitter:card\" content=\"summary_large_image\" \/>\n<meta name=\"twitter:label1\" content=\"Tempo estimado de leitura\" \/>\n\t<meta name=\"twitter:data1\" content=\"5 minutos\" \/>\n<!-- \/ Yoast SEO Premium plugin. -->","yoast_head_json":{"title":"Wave Day: aplicativo de previs\u00e3o de surf e Surflog","description":"Wave Day \u00e9 um novo aplicativo de surf onde voc\u00ea pode verificar a previs\u00e3o do surf e manter seu pr\u00f3prio registro de surf.","robots":{"index":"index","follow":"follow","max-snippet":"max-snippet:-1","max-image-preview":"max-image-preview:large","max-video-preview":"max-video-preview:-1"},"canonical":"https:\/\/waveday.surf\/pt-pt","og_locale":"pt_PT","og_type":"article","og_title":"Inicio","og_description":"Wave Day \u00e9 um novo aplicativo de surf onde voc\u00ea pode verificar a previs\u00e3o do surf e manter seu pr\u00f3prio registro de surf.","og_url":"https:\/\/waveday.surf\/pt-pt","og_site_name":"Wave Day","article_publisher":"https:\/\/www.facebook.com\/profile.php?id=61552590241463","article_modified_time":"2023-11-02T13:41:19+00:00","og_image":[{"width":1200,"height":633,"url":"https:\/\/waveday.surf\/wp-content\/uploads\/2023\/10\/waveday.jpg","type":"image\/jpeg"}],"twitter_card":"summary_large_image","twitter_misc":{"Tempo estimado de leitura":"5 minutos"},"schema":{"@context":"https:\/\/schema.org","@graph":[{"@type":"WebPage","@id":"https:\/\/waveday.surf\/pt-pt","url":"https:\/\/waveday.surf\/pt-pt","name":"Wave Day: aplicativo de previs\u00e3o de surf e Surflog","isPartOf":{"@id":"https:\/\/waveday.surf\/pt-pt#website"},"primaryImageOfPage":{"@id":"https:\/\/waveday.surf\/pt-pt#primaryimage"},"image":{"@id":"https:\/\/waveday.surf\/pt-pt#primaryimage"},"thumbnailUrl":"https:\/\/waveday.surf\/wp-content\/uploads\/2023\/10\/waveday.jpg","datePublished":"2023-10-19T07:00:00+00:00","dateModified":"2023-11-02T13:41:19+00:00","description":"Wave Day \u00e9 um novo aplicativo de surf onde voc\u00ea pode verificar a previs\u00e3o do surf e manter seu pr\u00f3prio registro de surf.","breadcrumb":{"@id":"https:\/\/waveday.surf\/pt-pt#breadcrumb"},"inLanguage":"pt-PT","potentialAction":[{"@type":"ReadAction","target":["https:\/\/waveday.surf\/pt-pt"]}]},{"@type":"ImageObject","inLanguage":"pt-PT","@id":"https:\/\/waveday.surf\/pt-pt#primaryimage","url":"https:\/\/waveday.surf\/wp-content\/uploads\/2023\/10\/waveday.jpg","contentUrl":"https:\/\/waveday.surf\/wp-content\/uploads\/2023\/10\/waveday.jpg","width":1200,"height":633,"caption":"Wave Day"},{"@type":"BreadcrumbList","@id":"https:\/\/waveday.surf\/pt-pt#breadcrumb","itemListElement":[{"@type":"ListItem","position":1,"name":"Home","item":"https:\/\/waveday.surf\/pt-pt"},{"@type":"ListItem","position":2,"name":"Inicio"}]},{"@type":"WebSite","@id":"https:\/\/waveday.surf\/pt-pt#website","url":"https:\/\/waveday.surf\/pt-pt","name":"Wave Day","description":"Surf Forecast and Surf log app","publisher":{"@id":"https:\/\/waveday.surf\/pt-pt#organization"},"potentialAction":[{"@type":"SearchAction","target":{"@type":"EntryPoint","urlTemplate":"https:\/\/waveday.surf\/pt-pt?s={search_term_string}"},"query-input":{"@type":"PropertyValueSpecification","valueRequired":true,"valueName":"search_term_string"}}],"inLanguage":"pt-PT"},{"@type":"Organization","@id":"https:\/\/waveday.surf\/pt-pt#organization","name":"Wave Day Surf","alternateName":"Wave Day","url":"https:\/\/waveday.surf\/pt-pt","logo":{"@type":"ImageObject","inLanguage":"pt-PT","@id":"https:\/\/waveday.surf\/pt-pt#\/schema\/logo\/image\/","url":"https:\/\/waveday.surf\/wp-content\/uploads\/2023\/11\/Logo-Wave-Day-696.jpg","contentUrl":"https:\/\/waveday.surf\/wp-content\/uploads\/2023\/11\/Logo-Wave-Day-696.jpg","width":696,"height":696,"caption":"Wave Day Surf"},"image":{"@id":"https:\/\/waveday.surf\/pt-pt#\/schema\/logo\/image\/"},"sameAs":["https:\/\/www.facebook.com\/profile.php?id=61552590241463","https:\/\/www.instagram.com\/waveday.surf\/"],"publishingPrinciples":"https:\/\/waveday.surf\/privacy-policy","actionableFeedbackPolicy":"https:\/\/waveday.surf\/privacy-policy","correctionsPolicy":"https:\/\/waveday.surf\/privacy-policy"}]}},"_links":{"self":[{"href":"https:\/\/waveday.surf\/pt-pt\/wp-json\/wp\/v2\/pages\/2708","targetHints":{"allow":["GET"]}}],"collection":[{"href":"https:\/\/waveday.surf\/pt-pt\/wp-json\/wp\/v2\/pages"}],"about":[{"href":"https:\/\/waveday.surf\/pt-pt\/wp-json\/wp\/v2\/types\/page"}],"author":[{"embeddable":true,"href":"https:\/\/waveday.surf\/pt-pt\/wp-json\/wp\/v2\/users\/1"}],"replies":[{"embeddable":true,"href":"https:\/\/waveday.surf\/pt-pt\/wp-json\/wp\/v2\/comments?post=2708"}],"version-history":[{"count":15,"href":"https:\/\/waveday.surf\/pt-pt\/wp-json\/wp\/v2\/pages\/2708\/revisions"}],"predecessor-version":[{"id":2743,"href":"https:\/\/waveday.surf\/pt-pt\/wp-json\/wp\/v2\/pages\/2708\/revisions\/2743"}],"wp:featuredmedia":[{"embeddable":true,"href":"https:\/\/waveday.surf\/pt-pt\/wp-json\/wp\/v2\/media\/2659"}],"wp:attachment":[{"href":"https:\/\/waveday.surf\/pt-pt\/wp-json\/wp\/v2\/media?parent=2708"}],"curies":[{"name":"wp","href":"https:\/\/api.w.org\/{rel}","templated":true}]}}