{"id":2751,"date":"2023-10-26T22:15:37","date_gmt":"2023-10-26T20:15:37","guid":{"rendered":"https:\/\/waveday.surf\/politica-de-privacidade"},"modified":"2023-11-05T18:57:46","modified_gmt":"2023-11-05T17:57:46","slug":"politica-de-privacidade","status":"publish","type":"page","link":"https:\/\/waveday.surf\/pt-pt\/politica-de-privacidade","title":{"rendered":"Pol\u00edtica de Privacidade"},"content":{"rendered":"\n<p>Nesta Pol\u00edtica de Privacidade encontrar\u00e1 toda a informa\u00e7\u00e3o relevante que se aplica \u00e0 utiliza\u00e7\u00e3o que fazemos dos dados pessoais dos nossos clientes e utilizadores.<\/p>\n\n<ol class=\"wp-block-list\">\n<li><strong>QUEM \u00c9 O RESPONS\u00c1VEL PELO TRATAMENTO DOS SEUS DADOS?<\/strong><\/li>\n<\/ol>\n\n<p>O respons\u00e1vel pelo tratamento dos seus dados no waveday.surf<br\/>Endere\u00e7o postal: Ventorrillo 2 15113 Malpica- A Coru\u00f1a<br\/>Email: info@waveday.surf<\/p>\n\n<ol class=\"wp-block-list\" start=\"2\">\n<li><strong>PARA QUE FINALIDADE TRATAMOS OS SEUS DADOS PESSOAIS?<\/strong><\/li>\n<\/ol>\n\n<p>Dependendo dos produtos, servi\u00e7os ou funcionalidades que pretende usufruir em cada momento, necessitaremos de tratar alguns dados ou outros, que em geral ser\u00e3o, dependendo do caso, os seguintes:<\/p>\n\n<ul class=\"wp-block-list\">\n<li>seus dados de identifica\u00e7\u00e3o (por exemplo, seu nome, sobrenome e pa\u00eds a partir do qual voc\u00ea interage conosco, informa\u00e7\u00f5es de contato, etc.);<\/li>\n\n\n\n<li>informa\u00e7\u00f5es econ\u00f4micas e transacionais (por exemplo, suas informa\u00e7\u00f5es de pagamento)<\/li>\n\n\n\n<li>dados de conex\u00e3o, geolocaliza\u00e7\u00e3o e navega\u00e7\u00e3o (caso voc\u00ea interaja conosco pelo seu celular, por exemplo);<\/li>\n\n\n\n<li>informa\u00e7\u00f5es comerciais (por exemplo, se voc\u00ea estiver inscrito em nossa newsletter).<\/li>\n<\/ul>\n\n<p>Lembre-se que, quando lhe solicitarmos que preencha os seus dados pessoais para lhe dar acesso a alguma funcionalidade ou servi\u00e7o da aplica\u00e7\u00e3o, marcaremos alguns campos como obrigat\u00f3rios, pois s\u00e3o dados de que necessitamos para lhe poder prestar o servi\u00e7o ou dar-lhe acesso \u00e0 funcionalidade em quest\u00e3o. Tenha em aten\u00e7\u00e3o que se decidir n\u00e3o nos fornecer estes dados, \u00e9 poss\u00edvel que n\u00e3o consiga completar o seu registo como utilizador ou que n\u00e3o consiga usufruir destes servi\u00e7os ou funcionalidades.<\/p>\n\n<p>Dependendo da forma como interage com a nossa Plataforma, trataremos os seus dados pessoais para as seguintes finalidades:<\/p>\n\n<ul class=\"wp-block-list\">\n<li>para gerir o seu registo como utilizador ou cliente: Caso decida registar-se como utilizador, necessitamos de tratar os seus dados para o identificar como utilizador do mesmo e dar-lhe acesso \u00e0s suas diferentes funcionalidades, produtos e servi\u00e7os que est\u00e3o dispon\u00edveis para voc\u00ea como usu\u00e1rio registrado. Voc\u00ea pode cancelar sua conta de usu\u00e1rio registrada entrando em contato conosco.<\/li>\n\n\n\n<li>para responder a pedidos ou solicita\u00e7\u00f5es: Apenas tratamos os dados pessoais que sejam estritamente necess\u00e1rios para gerir ou resolver o seu pedido ou solicita\u00e7\u00e3o.<\/li>\n\n\n\n<li>para fins de marketing: na medida em que subscreva a nossa Newsletter, processaremos os seus dados pessoais para gerir a sua subscri\u00e7\u00e3o, incluindo o envio de informa\u00e7\u00f5es personalizadas sobre os nossos produtos ou servi\u00e7os atrav\u00e9s de v\u00e1rios meios (como e-mail). Da mesma forma, poderemos enviar-lhe esta informa\u00e7\u00e3o atrav\u00e9s de notifica\u00e7\u00f5es push se as tiver ativadas no seu dispositivo m\u00f3vel. Lembre-se que voc\u00ea pode cancelar a assinatura da Newsletter a qualquer momento e gratuitamente atrav\u00e9s da se\u00e7\u00e3o \u2018Newsletter\u2019 da Plataforma, bem como atrav\u00e9s das instru\u00e7\u00f5es que lhe fornecemos em cada comunica\u00e7\u00e3o. Se n\u00e3o quiser receber notifica\u00e7\u00f5es push, voc\u00ea pode desativar esta op\u00e7\u00e3o no seu dispositivo m\u00f3vel.<\/li>\n\n\n\n<li>An\u00e1lise de usabilidade e qualidade para melhorar nossos servi\u00e7os: Se voc\u00ea acessar nosso aplicativo, informamos que processaremos seus dados de navega\u00e7\u00e3o para fins anal\u00edticos e estat\u00edsticos, ou seja, para entender a forma como os usu\u00e1rios interagem com nossa Plataforma. e assim poder introduzir melhorias nele.<\/li>\n<\/ul>\n\n<ol class=\"wp-block-list\" start=\"3\">\n<li><strong>QUAL A LEGITIMA\u00c7\u00c3O PARA O TRATAMENTO DOS SEUS DADOS?<\/strong><\/li>\n<\/ol>\n\n<p>A base jur\u00eddica que nos permite tratar os seus dados pessoais depende tamb\u00e9m da finalidade para a qual os tratamos.<\/p>\n\n<ul class=\"wp-block-list\">\n<li>Gerir o seu registo como utilizador: O tratamento dos seus dados \u00e9 necess\u00e1rio para a execu\u00e7\u00e3o dos termos que regulam a utiliza\u00e7\u00e3o da Plataforma. Ou seja, para que voc\u00ea se registre como usu\u00e1rio precisamos tratar seus dados pessoais, pois caso contr\u00e1rio n\u00e3o conseguir\u00edamos gerenciar seu cadastro. Caso opte por aceder ou iniciar sess\u00e3o atrav\u00e9s de uma rede social, a raz\u00e3o pela qual temos o direito de tratar os seus dados \u00e9 o consentimento que d\u00e1 ao autorizar a transfer\u00eancia dos seus dados da rede social.<\/li>\n\n\n\n<li>Aten\u00e7\u00e3o e apoio: Consideramos que temos um interesse leg\u00edtimo em responder \u00e0s solicita\u00e7\u00f5es ou d\u00favidas que nos coloque atrav\u00e9s dos diferentes meios de contacto existentes. Entendemos que o tratamento destes dados tamb\u00e9m \u00e9 ben\u00e9fico para voc\u00ea na medida em que nos permite atend\u00ea-lo adequadamente e resolver quaisquer d\u00favidas levantadas. Quando a sua consulta estiver relacionada com o exerc\u00edcio dos direitos sobre os quais o informamos a seguir, ou com reclama\u00e7\u00f5es relacionadas com os nossos produtos ou servi\u00e7os, o que nos legitima para tratar os seus dados \u00e9 o cumprimento das obriga\u00e7\u00f5es legais da nossa parte.<\/li>\n\n\n\n<li>Marketing: A base leg\u00edtima para o tratamento dos seus dados para fins de marketing \u00e9 o consentimento que nos d\u00e1, por exemplo quando concorda em receber informa\u00e7\u00e3o personalizada atrav\u00e9s de v\u00e1rios meios, quando autoriza o envio de notifica\u00e7\u00f5es push no seu dispositivo m\u00f3vel, ou quando aceita o bases legais para participar de uma a\u00e7\u00e3o promocional ou publicar suas fotos na Plataforma ou em nossos canais de m\u00eddia social. Para lhe mostrar informa\u00e7\u00f5es personalizadas, consideramos que temos um interesse leg\u00edtimo em tra\u00e7ar um perfil com as informa\u00e7\u00f5es que temos sobre voc\u00ea (como a navega\u00e7\u00e3o que voc\u00ea faz, prefer\u00eancias ou hist\u00f3rico de compras) e os dados pessoais que voc\u00ea nos forneceu, como faixa et\u00e1ria ou idioma, pois entendemos que o tratamento destes dados tamb\u00e9m \u00e9 ben\u00e9fico para si porque lhe permite melhorar a sua experi\u00eancia como utilizador e aceder \u00e0 informa\u00e7\u00e3o de acordo com as suas prefer\u00eancias.<\/li>\n\n\n\n<li>An\u00e1lise de usabilidade e qualidade: Consideramos que temos um interesse leg\u00edtimo em analisar a usabilidade da aplica\u00e7\u00e3o e o grau de satisfa\u00e7\u00e3o do utilizador, pois entendemos que o tratamento destes dados tamb\u00e9m \u00e9 ben\u00e9fico para si porque o objetivo \u00e9 melhorar o utilizador experi\u00eancia. e oferecer um servi\u00e7o de maior qualidade.<\/li>\n<\/ul>\n\n<ol class=\"wp-block-list\" start=\"4\">\n<li><strong>POR QUANTO TEMPO MANTEREMOS OS SEUS DADOS?<\/strong><\/li>\n<\/ol>\n\n<p>Processaremos seus dados enquanto voc\u00ea permanecer como usu\u00e1rio registrado (ou seja, at\u00e9 que voc\u00ea decida cancelar a assinatura). Da mesma forma, processaremos os seus dados durante o tempo necess\u00e1rio para responder ao seu pedido ou solicita\u00e7\u00e3o e at\u00e9 cancelar a subscri\u00e7\u00e3o ou cancelar a subscri\u00e7\u00e3o da newsletter. Independentemente de tratarmos os seus dados durante o tempo estritamente necess\u00e1rio para cumprir a finalidade correspondente, posteriormente mant\u00ea-los-emos devidamente armazenados e protegidos durante o tempo em que possam surgir responsabilidades do tratamento, cumprindo sempre a regulamenta\u00e7\u00e3o em vigor. Uma vez prescritas as a\u00e7\u00f5es poss\u00edveis em cada caso, procederemos \u00e0 elimina\u00e7\u00e3o dos dados pessoais.<\/p>\n\n<ol class=\"wp-block-list\" start=\"5\">\n<li><strong>COMPARTILHAMOS SEUS DADOS COM TERCEIROS?<\/strong><\/li>\n<\/ol>\n\n<p>Os dados pessoais n\u00e3o ser\u00e3o transferidos a terceiros, exceto quando houver obriga\u00e7\u00e3o legal.<\/p>\n\n<ol class=\"wp-block-list\" start=\"6\">\n<li><strong>QUAIS S\u00c3O OS SEUS DIREITOS QUANDO NOS FORNECE OS SEUS DADOS?<\/strong><\/li>\n<\/ol>\n\n<p>Assumimos o compromisso de respeitar a confidencialidade dos seus dados pessoais e garantir o exerc\u00edcio dos seus direitos. Poder\u00e1 exerc\u00ea-los gratuitamente escrevendo um email para o nosso endere\u00e7o info@waveday.surf, indicando simplesmente o motivo do seu pedido e o direito que pretende exercer. Caso consideremos necess\u00e1rio identific\u00e1-lo, poderemos solicitar uma c\u00f3pia de um documento que comprove a sua identidade.<\/p>\n\n<p>Em particular, independentemente da finalidade ou fundamento jur\u00eddico para o qual tratamos os seus dados, tem o direito de:<\/p>\n\n<ul class=\"wp-block-list\">\n<li>solicitar-nos acesso aos dados que temos sobre voc\u00ea. Lembramos que se for utilizador registado da Plataforma tamb\u00e9m poder\u00e1 consultar esta informa\u00e7\u00e3o na sec\u00e7\u00e3o correspondente aos seus dados pessoais.<\/li>\n\n\n\n<li>solicitar-nos a retifica\u00e7\u00e3o dos dados que j\u00e1 possu\u00edmos. Lembre-se que se voc\u00ea for um usu\u00e1rio registrado da Plataforma tamb\u00e9m poder\u00e1 acessar a se\u00e7\u00e3o correspondente aos seus dados pessoais em sua conta para modificar ou atualizar seus dados pessoais. Em qualquer caso, tenha em aten\u00e7\u00e3o que ao fornecer-nos ativamente os seus dados pessoais, por qualquer meio, garante que os mesmos s\u00e3o verdadeiros e exatos e compromete-se a notificar-nos de quaisquer altera\u00e7\u00f5es ou modifica\u00e7\u00f5es dos mesmos. Qualquer perda ou dano causado \u00e0 Plataforma ou ao respons\u00e1vel pela Plataforma ou a qualquer terceiro devido \u00e0 comunica\u00e7\u00e3o de informa\u00e7\u00f5es erradas, imprecisas ou incompletas nos formul\u00e1rios de registo, ser\u00e1 da exclusiva responsabilidade do utilizador. Lembre-se de que, como regra geral, voc\u00ea s\u00f3 deve nos fornecer seus pr\u00f3prios dados pessoais, e n\u00e3o os de terceiros, exceto conforme permitido nesta Pol\u00edtica de Privacidade.<\/li>\n\n\n\n<li>solicitar-nos que eliminemos os seus dados na medida em que j\u00e1 n\u00e3o sejam necess\u00e1rios para a finalidade para a qual necessitamos de os tratar, tal como o informamos anteriormente, ou que j\u00e1 n\u00e3o tenhamos o direito de o fazer.<\/li>\n\n\n\n<li>solicitar-nos a limita\u00e7\u00e3o do tratamento dos seus dados, o que significa que em determinados casos poder\u00e1 solicitar-nos a suspens\u00e3o tempor\u00e1ria do tratamento dos dados ou a sua conserva\u00e7\u00e3o para al\u00e9m do tempo necess\u00e1rio quando deles necessitar.<\/li>\n<\/ul>\n\n<p>Se nos tiver fornecido o seu consentimento para processar os seus dados para qualquer finalidade, tamb\u00e9m tem o direito de retir\u00e1-lo a qualquer momento. Algumas das formas pelas quais pode retirar o seu consentimento s\u00e3o explicadas na sec\u00e7\u00e3o 2 onde explicamos as finalidades para as quais tratamos os seus dados.<\/p>\n\n<p>Quando a nossa legitimidade para o tratamento dos seus dados for o seu consentimento ou a execu\u00e7\u00e3o do contrato, conforme explicado na sec\u00e7\u00e3o 3, ter\u00e1 tamb\u00e9m o direito de solicitar a portabilidade dos seus dados pessoais. Isto significa que ter\u00e1 o direito de receber os dados pessoais que nos forneceu num formato estruturado, de uso comum e de leitura autom\u00e1tica, para que possam ser transmitidos diretamente a outra entidade, sempre que for tecnicamente poss\u00edvel.<\/p>\n\n<p>Por outro lado, quando o tratamento dos seus dados se basear no nosso interesse leg\u00edtimo, ter\u00e1 tamb\u00e9m o direito de se opor ao tratamento dos seus dados.<\/p>\n\n<p>Por \u00faltimo, informamos-lhe sobre o seu direito de apresentar uma reclama\u00e7\u00e3o junto da autoridade de controlo de prote\u00e7\u00e3o de dados correspondente, em particular, junto da Ag\u00eancia Espanhola de Prote\u00e7\u00e3o de Dados.<\/p>\n\n<ol class=\"wp-block-list\" start=\"7\">\n<li><strong>ALTERA\u00c7\u00d5ES NA POL\u00cdTICA DE PRIVACIDADE<\/strong><\/li>\n<\/ol>\n\n<p>Poderemos modificar as informa\u00e7\u00f5es contidas nesta Pol\u00edtica de Privacidade quando considerarmos apropriado. Se o fizermos, iremos comunic\u00e1-lo a voc\u00ea de diferentes maneiras atrav\u00e9s da Plataforma (por exemplo, atrav\u00e9s de um banner, um pop-up ou uma notifica\u00e7\u00e3o push), ou at\u00e9 mesmo comunicaremos ao seu endere\u00e7o de e-mail quando a quest\u00e3o for significativa para sua privacidade, para que voc\u00ea possa revisar as altera\u00e7\u00f5es, avali\u00e1-las e, se aplic\u00e1vel, opor-se ou cancelar a assinatura de qualquer servi\u00e7o ou funcionalidade. Em qualquer caso, sugerimos que reveja periodicamente esta Pol\u00edtica de Privacidade caso haja pequenas altera\u00e7\u00f5es ou introduzamos alguma melhoria interativa, aproveitando que a encontrar\u00e1 sempre como um ponto de informa\u00e7\u00e3o permanente na aplica\u00e7\u00e3o.<\/p>\n\n<p><strong>POL\u00cdTICA DE ASSINATURA<\/strong><\/p>\n\n<p>Depois de assinar o plano selecionado, o per\u00edodo de teste gratuito de 3 dias come\u00e7ar\u00e1. O pagamento da assinatura ser\u00e1 cobrado em sua conta do iTunes no final do per\u00edodo de teste gratuito e ser\u00e1 renovado automaticamente, a menos que seja cancelado 24 horas antes do final do per\u00edodo atual. A renova\u00e7\u00e3o da sua conta iTunes ser\u00e1 cobrada 24 horas antes do final do per\u00edodo atual e o custo da renova\u00e7\u00e3o ser\u00e1 identificado. As assinaturas podem ser gerenciadas pelo usu\u00e1rio e a renova\u00e7\u00e3o autom\u00e1tica pode ser desativada acessando as configura\u00e7\u00f5es da conta do usu\u00e1rio ap\u00f3s a compra.<\/p>\n\n<p>Para obter mais informa\u00e7\u00f5es sobre os Termos de Uso (EULA) e o contrato de aplica\u00e7\u00e3o de pagamento, voc\u00ea pode clicar no seguinte link: <a href=\"https:\/\/www.apple.com\/legal\/internet-services\/itunes\/dev\/stdeula\/\">Contrato de aplica\u00e7\u00e3o de pagamento<\/a><\/p>\n","protected":false},"excerpt":{"rendered":"<p>Nesta Pol\u00edtica de Privacidade encontrar\u00e1 toda a informa\u00e7\u00e3o relevante que se aplica \u00e0 utiliza\u00e7\u00e3o que fazemos dos dados pessoais dos nossos clientes e utilizadores. O respons\u00e1vel<span class=\"excerpt-hellip\"> [\u2026]<\/span><\/p>\n","protected":false},"author":1,"featured_media":0,"parent":0,"menu_order":0,"comment_status":"closed","ping_status":"closed","template":"","meta":{"footnotes":""},"class_list":["post-2751","page","type-page","status-publish","hentry"],"yoast_head":"<!-- This site is optimized with the Yoast SEO Premium plugin v24.8 (Yoast SEO v27.4) - https:\/\/yoast.com\/product\/yoast-seo-premium-wordpress\/ -->\n<title>Pol\u00edtica de Privacidade - Wave Day<\/title>\n<meta name=\"robots\" content=\"index, follow, max-snippet:-1, max-image-preview:large, max-video-preview:-1\" \/>\n<link rel=\"canonical\" href=\"https:\/\/waveday.surf\/pt-pt\/politica-de-privacidade\" \/>\n<meta property=\"og:locale\" content=\"pt_PT\" \/>\n<meta property=\"og:type\" content=\"article\" \/>\n<meta property=\"og:title\" content=\"Pol\u00edtica de Privacidade\" \/>\n<meta property=\"og:description\" content=\"Nesta Pol\u00edtica de Privacidade encontrar\u00e1 toda a informa\u00e7\u00e3o relevante que se aplica \u00e0 utiliza\u00e7\u00e3o que fazemos dos dados pessoais dos nossos clientes e utilizadores. O respons\u00e1vel [\u2026]\" \/>\n<meta property=\"og:url\" content=\"https:\/\/waveday.surf\/pt-pt\/politica-de-privacidade\" \/>\n<meta property=\"og:site_name\" content=\"Wave Day\" \/>\n<meta property=\"article:publisher\" content=\"https:\/\/www.facebook.com\/profile.php?id=61552590241463\" \/>\n<meta property=\"article:modified_time\" content=\"2023-11-05T17:57:46+00:00\" \/>\n<meta name=\"twitter:card\" content=\"summary_large_image\" \/>\n<meta name=\"twitter:label1\" content=\"Tempo estimado de leitura\" \/>\n\t<meta name=\"twitter:data1\" content=\"10 minutos\" \/>\n<!-- \/ Yoast SEO Premium plugin. -->","yoast_head_json":{"title":"Pol\u00edtica de Privacidade - Wave Day","robots":{"index":"index","follow":"follow","max-snippet":"max-snippet:-1","max-image-preview":"max-image-preview:large","max-video-preview":"max-video-preview:-1"},"canonical":"https:\/\/waveday.surf\/pt-pt\/politica-de-privacidade","og_locale":"pt_PT","og_type":"article","og_title":"Pol\u00edtica de Privacidade","og_description":"Nesta Pol\u00edtica de Privacidade encontrar\u00e1 toda a informa\u00e7\u00e3o relevante que se aplica \u00e0 utiliza\u00e7\u00e3o que fazemos dos dados pessoais dos nossos clientes e utilizadores. O respons\u00e1vel [\u2026]","og_url":"https:\/\/waveday.surf\/pt-pt\/politica-de-privacidade","og_site_name":"Wave Day","article_publisher":"https:\/\/www.facebook.com\/profile.php?id=61552590241463","article_modified_time":"2023-11-05T17:57:46+00:00","twitter_card":"summary_large_image","twitter_misc":{"Tempo estimado de leitura":"10 minutos"},"schema":{"@context":"https:\/\/schema.org","@graph":[{"@type":"WebPage","@id":"https:\/\/waveday.surf\/pt-pt\/politica-de-privacidade","url":"https:\/\/waveday.surf\/pt-pt\/politica-de-privacidade","name":"Pol\u00edtica de Privacidade - Wave Day","isPartOf":{"@id":"https:\/\/waveday.surf\/pt-pt#website"},"datePublished":"2023-10-26T20:15:37+00:00","dateModified":"2023-11-05T17:57:46+00:00","breadcrumb":{"@id":"https:\/\/waveday.surf\/pt-pt\/politica-de-privacidade#breadcrumb"},"inLanguage":"pt-PT","potentialAction":[{"@type":"ReadAction","target":["https:\/\/waveday.surf\/pt-pt\/politica-de-privacidade"]}]},{"@type":"BreadcrumbList","@id":"https:\/\/waveday.surf\/pt-pt\/politica-de-privacidade#breadcrumb","itemListElement":[{"@type":"ListItem","position":1,"name":"Home","item":"https:\/\/waveday.surf\/pt-pt"},{"@type":"ListItem","position":2,"name":"Pol\u00edtica de Privacidade"}]},{"@type":"WebSite","@id":"https:\/\/waveday.surf\/pt-pt#website","url":"https:\/\/waveday.surf\/pt-pt","name":"Wave Day","description":"Surf Forecast and Surf log app","publisher":{"@id":"https:\/\/waveday.surf\/pt-pt#organization"},"potentialAction":[{"@type":"SearchAction","target":{"@type":"EntryPoint","urlTemplate":"https:\/\/waveday.surf\/pt-pt?s={search_term_string}"},"query-input":{"@type":"PropertyValueSpecification","valueRequired":true,"valueName":"search_term_string"}}],"inLanguage":"pt-PT"},{"@type":"Organization","@id":"https:\/\/waveday.surf\/pt-pt#organization","name":"Wave Day Surf","alternateName":"Wave Day","url":"https:\/\/waveday.surf\/pt-pt","logo":{"@type":"ImageObject","inLanguage":"pt-PT","@id":"https:\/\/waveday.surf\/pt-pt#\/schema\/logo\/image\/","url":"https:\/\/waveday.surf\/wp-content\/uploads\/2023\/11\/Logo-Wave-Day-696.jpg","contentUrl":"https:\/\/waveday.surf\/wp-content\/uploads\/2023\/11\/Logo-Wave-Day-696.jpg","width":696,"height":696,"caption":"Wave Day Surf"},"image":{"@id":"https:\/\/waveday.surf\/pt-pt#\/schema\/logo\/image\/"},"sameAs":["https:\/\/www.facebook.com\/profile.php?id=61552590241463","https:\/\/www.instagram.com\/waveday.surf\/"],"publishingPrinciples":"https:\/\/waveday.surf\/privacy-policy","actionableFeedbackPolicy":"https:\/\/waveday.surf\/privacy-policy","correctionsPolicy":"https:\/\/waveday.surf\/privacy-policy"}]}},"_links":{"self":[{"href":"https:\/\/waveday.surf\/pt-pt\/wp-json\/wp\/v2\/pages\/2751","targetHints":{"allow":["GET"]}}],"collection":[{"href":"https:\/\/waveday.surf\/pt-pt\/wp-json\/wp\/v2\/pages"}],"about":[{"href":"https:\/\/waveday.surf\/pt-pt\/wp-json\/wp\/v2\/types\/page"}],"author":[{"embeddable":true,"href":"https:\/\/waveday.surf\/pt-pt\/wp-json\/wp\/v2\/users\/1"}],"replies":[{"embeddable":true,"href":"https:\/\/waveday.surf\/pt-pt\/wp-json\/wp\/v2\/comments?post=2751"}],"version-history":[{"count":2,"href":"https:\/\/waveday.surf\/pt-pt\/wp-json\/wp\/v2\/pages\/2751\/revisions"}],"predecessor-version":[{"id":2762,"href":"https:\/\/waveday.surf\/pt-pt\/wp-json\/wp\/v2\/pages\/2751\/revisions\/2762"}],"wp:attachment":[{"href":"https:\/\/waveday.surf\/pt-pt\/wp-json\/wp\/v2\/media?parent=2751"}],"curies":[{"name":"wp","href":"https:\/\/api.w.org\/{rel}","templated":true}]}}